{"id":1822,"date":"2021-11-23T15:56:09","date_gmt":"2021-11-23T15:56:09","guid":{"rendered":"https:\/\/www.igeotest.ad\/home\/"},"modified":"2022-06-27T12:05:24","modified_gmt":"2022-06-27T12:05:24","slug":"home","status":"publish","type":"page","link":"https:\/\/www.igeotest.ad\/es\/","title":{"rendered":"Home"},"content":{"rendered":"[vc_row css=\u00bb.vc_custom_1443379761909{padding-top: 30px !important;}\u00bb][vc_column]<div class=\"wpex-slider-preloaderimg no-stretch\"><img data-no-lazy=\"1\" class=\"skip-lazy\" src=\"https:\/\/www.igeotest.ad\/wp-content\/uploads\/2021\/05\/Banner01-1280x500.jpg\" alt=\"\" width=\"1280\" height=\"500\" \/><\/div><div class=\"vcex-module wpex-slider slider-pro vcex-image-slider wpex-clr no-stretch\" data-fade=\"true\"  data-loop=\"true\" data-autoplay-on-hover=\"none\" data-auto-play-delay=\"3000\" data-animation-speed=\"500\" data-auto-height=\"false\" data-thumbnail-height=\"70\" data-thumbnail-width=\"70\"><div class=\"wpex-slider-slides sp-slides\"><div class=\"wpex-slider-slide sp-slide\"><div class=\"wpex-slider-media\"><img data-no-lazy=\"1\" class=\"skip-lazy\" src=\"https:\/\/www.igeotest.ad\/wp-content\/uploads\/2021\/05\/Banner01-1280x500.jpg\" alt=\"\" width=\"1280\" height=\"500\" \/><\/div><\/div><div class=\"wpex-slider-slide sp-slide\"><div class=\"wpex-slider-media\"><img data-no-lazy=\"1\" class=\"skip-lazy\" src=\"https:\/\/www.igeotest.ad\/wp-content\/uploads\/2021\/05\/Banner02-1280x500.jpg\" alt=\"\" width=\"1280\" height=\"500\" \/><\/div><\/div><div class=\"wpex-slider-slide sp-slide\"><div class=\"wpex-slider-media\"><img data-no-lazy=\"1\" class=\"skip-lazy\" src=\"https:\/\/www.igeotest.ad\/wp-content\/uploads\/2021\/10\/Banner05.jpg\" alt=\"\" width=\"1280\" height=\"500\" \/><\/div><\/div><div class=\"wpex-slider-slide sp-slide\"><div class=\"wpex-slider-media\"><img data-no-lazy=\"1\" class=\"skip-lazy\" src=\"https:\/\/www.igeotest.ad\/wp-content\/uploads\/2021\/10\/Banner04.jpg\" alt=\"\" width=\"1280\" height=\"500\" \/><\/div><\/div><\/div><\/div>[\/vc_column][\/vc_row][vc_row][vc_column][vc_column_text]\n<p style=\"text-align: center;\"><span style=\"font-size: 24px;\">Geolog\u00eda, geot\u00e9cnia, hidrogeolog\u00eda, medio ambiente y servicios cient\u00edfico-t\u00e9cnicos<\/span><\/p>\n[\/vc_column_text][vc_empty_space height=\u00bb50px\u00bb][vc_row_inner][vc_column_inner width=\u00bb1\/3&#8243;][vc_single_image image=\u00bb1328&#8243; img_size=\u00bbmedium\u00bb][\/vc_column_inner][vc_column_inner width=\u00bb1\/3&#8243;][vc_single_image image=\u00bb1334&#8243;][\/vc_column_inner][vc_column_inner width=\u00bb1\/3&#8243;][vc_single_image image=\u00bb1331&#8243; img_size=\u00bbmedium\u00bb alignment=\u00bbcenter\u00bb][\/vc_column_inner][\/vc_row_inner][vc_row_inner][vc_column_inner][vc_empty_space height=\u00bb40px\u00bb][vc_single_image image=\u00bb1154&#8243; img_size=\u00bbmedium\u00bb alignment=\u00bbcenter\u00bb onclick=\u00bbcustom_link\u00bb img_link_target=\u00bb_blank\u00bb link=\u00bbhttps:%2F%2Fwww.fundaciomarcelchevalier.org%2F|\u00bb img_hover=\u00bbgrow\u00bb][\/vc_column_inner][\/vc_row_inner][\/vc_column][\/vc_row]\n","protected":false},"excerpt":{"rendered":"<p>[vc_row css=\u00bb.vc_custom_1443379761909{padding-top: 30px !important;}\u00bb][vc_column][\/vc_column][\/vc_row][vc_row][vc_column][vc_column_text] Geolog\u00eda, geot\u00e9cnia, hidrogeolog\u00eda, medio ambiente y servicios cient\u00edfico-t\u00e9cnicos [\/vc_column_text][vc_empty_space height=\u00bb50px\u00bb][vc_row_inner][vc_column_inner width=\u00bb1\/3&#8243;][vc_single_image image=\u00bb1328&#8243; img_size=\u00bbmedium\u00bb][\/vc_column_inner][vc_column_inner width=\u00bb1\/3&#8243;][vc_single_image image=\u00bb1334&#8243;][\/vc_column_inner][vc_column_inner width=\u00bb1\/3&#8243;][vc_single_image image=\u00bb1331&#8243; img_size=\u00bbmedium\u00bb alignment=\u00bbcenter\u00bb][\/vc_column_inner][\/vc_row_inner][vc_row_inner][vc_column_inner][vc_empty_space height=\u00bb40px\u00bb][vc_single_image image=\u00bb1154&#8243; img_size=\u00bbmedium\u00bb alignment=\u00bbcenter\u00bb onclick=\u00bbcustom_link\u00bb img_link_target=\u00bb_blank\u00bb link=\u00bbhttps:%2F%2Fwww.fundaciomarcelchevalier.org%2F|\u00bb img_hover=\u00bbgrow\u00bb][\/vc_column_inner][\/vc_row_inner][\/vc_column][\/vc_row]<\/p>\n","protected":false},"author":2,"featured_media":0,"parent":0,"menu_order":0,"comment_status":"closed","ping_status":"closed","template":"","meta":[],"_links":{"self":[{"href":"https:\/\/www.igeotest.ad\/es\/wp-json\/wp\/v2\/pages\/1822"}],"collection":[{"href":"https:\/\/www.igeotest.ad\/es\/wp-json\/wp\/v2\/pages"}],"about":[{"href":"https:\/\/www.igeotest.ad\/es\/wp-json\/wp\/v2\/types\/page"}],"author":[{"embeddable":true,"href":"https:\/\/www.igeotest.ad\/es\/wp-json\/wp\/v2\/users\/2"}],"replies":[{"embeddable":true,"href":"https:\/\/www.igeotest.ad\/es\/wp-json\/wp\/v2\/comments?post=1822"}],"version-history":[{"count":12,"href":"https:\/\/www.igeotest.ad\/es\/wp-json\/wp\/v2\/pages\/1822\/revisions"}],"predecessor-version":[{"id":2104,"href":"https:\/\/www.igeotest.ad\/es\/wp-json\/wp\/v2\/pages\/1822\/revisions\/2104"}],"wp:attachment":[{"href":"https:\/\/www.igeotest.ad\/es\/wp-json\/wp\/v2\/media?parent=1822"}],"curies":[{"name":"wp","href":"https:\/\/api.w.org\/{rel}","templated":true}]}}