{"id":1901,"date":"2021-11-25T14:23:40","date_gmt":"2021-11-25T14:23:40","guid":{"rendered":"https:\/\/www.igeotest.ad\/geotest-marco-normativo\/"},"modified":"2021-11-25T14:32:42","modified_gmt":"2021-11-25T14:32:42","slug":"geotest-marco-normativo","status":"publish","type":"page","link":"https:\/\/www.igeotest.ad\/es\/geotest-marco-normativo\/","title":{"rendered":"Geotest &#8211; Marco Normativo"},"content":{"rendered":"[vc_row][vc_column][vc_column_text]En la redacci\u00f3n de proyectos cada vez m\u00e1s resulta inadmisible la desviaci\u00f3n de las mediciones asignadas a las obras, ya sean de obra p\u00fablica o bien de edificaci\u00f3n. Uno de los motivos de estos desv\u00edos acostumbran a ser los imponderables asignados a inhomogeneidades del terreno, as\u00ed como a los vicios ocultos en el subsuelo. La consecuencia directa de estos imprevistos son sobrecostes en la obra y afectaci\u00f3n a terceros (desprendimentos, afectaci\u00f3n a edificios y carreteras, etc.).<br \/>\nEstos hechos han llevado, decididamente, a la administraci\u00f3n del Pa\u00eds a obligar la realizaci\u00f3n de un estudio del terreno previa a cualquier modificaci\u00f3n del estado actual del mismo (BOPA *N\u00fam.12-a\u00f1o 2 del 30\/4\/90, p\u00e1g. 212). Este reglamento aconteci\u00f3 obligatorio a partir del 1994, a\u00f1o en el cual se empieza de una forma sistem\u00e1tica, la realizaci\u00f3n de estudios geot\u00e9cnicos en Andorra.<\/p>\n<p>Como consecuencia de la realizaci\u00f3n de los estudios geot\u00e9cnicos durante ocho a\u00f1os la administraci\u00f3n ha visto la necesidad de normalizar el contenido de los mismos y, se ha visto que a menudo para estudiar de forma cumplida el sector a urbanizar hac\u00eda falta tambi\u00e9n efectuar estudios de riesgo geomorfol\u00f3gico en los alrededores de la misma. En este sentido el posterior reglamento (<a href=\"https:\/\/www.bopa.ad\/bopa\/013071\/Pagines\/228BE.aspx\" target=\"_blank\" rel=\"noopener\">BOPA 71, a\u00f1o 13 de fecha 1 de agosto del 2001<\/a>) normaliza el contenido de los estudios y, especifica cuando y como tiene que ser la documentaci\u00f3n a adjuntar en caso de edificar en una \u00e1rea afectada por un riesgo geomorfol\u00f3gico (ver departamento *DRYAS, secci\u00f3n riesgos geomorfol\u00f3gicos).<\/p>\n<p><span style=\"color: #ff6600;\">En el nuevo marco normativo, los estudios <strong>geol\u00f3gicos<\/strong> tienen que responder :<\/span><\/p>\n<ul>\n<li>Cu\u00e1les son las formaciones que existen en el subsuelo y qu\u00e9 es su geometr\u00eda.<\/li>\n<li>Cu\u00e1les son sus propiedades geomec\u00e1nicas e hidrol\u00f3gicas.<\/li>\n<li>Qui\u00e9n es el nivel de riesgo geomorfol\u00f3gico que presenta la zona a edificar.<\/li>\n<\/ul>\n<p><span style=\"color: #ff6600;\">En el nuevo marco normativo, los estudios <strong>geot\u00e9cnicos<\/strong> tienen que responder a :<\/span><\/p>\n<ul>\n<li>C\u00f3mo ser\u00e1n los desmontes y si ser\u00e1n necesarios elementos de apoyo.<\/li>\n<li>C\u00f3mo ser\u00e1 la fundamentaci\u00f3n y qu\u00e9 tiene que ser la presi\u00f3n admisible de la misma.<\/li>\n<li>Evaluar la conveniencia o no de monitorizar la obra y qu\u00e9 son los aspectos geot\u00e9cnicos que habr\u00e1 que tener en cuenta durante la ejecuci\u00f3n de la obra.<\/li>\n<\/ul>\n<p>Con la aprobaci\u00f3n de los planes de urbanismo a todos los Comunes, el contenido de los estudios geol\u00f3gicos, geot\u00e9cnicos e hidr\u00e1ulicos que forman parte de los Planes Parciales y Especiales, tienen que seguir la Nota t\u00e9cnica del Ministerio de Ordenamiento Territorial, Medio Ambiente y Agricultura.<\/p>\n<p>Reglamentos que rigen el estudio geol\u00f3gico y geot\u00e9cnico<\/p>\n<p><a href=\"https:\/\/www.bopa.ad\/bopa\/013071\/Pagines\/228BE.aspx\" target=\"_blank\" rel=\"noopener\">25 de julio del 2001, reglamento para la realizaci\u00f3n de trabajos o actividades que modifiquen el estado actual del terreno (BOPA 71, a\u00f1o 13 de fecha 1 de agosto del 2001)<\/a>.<\/p>\n<p><a href=\"https:\/\/www.bopa.ad\/bopa\/031025\/Pagines\/GR20190228_11_52_27.aspx\" target=\"_blank\" rel=\"noopener\">27 de febrero del 2019, decreto de aprobaci\u00f3n de la modificaci\u00f3n del Reglamento para la realizaci\u00f3n de trabajos o actividades que modifiquen el estado actual del terreno (BOPA 25, a\u00f1o 2019 de fecha 6 de marzo del 2019)<\/a>.<\/p>\n<p><a href=\"https:\/\/www.bopa.ad\/bopa\/032069\/Pagines\/GR20200515_13_26_20.aspx\" target=\"_blank\" rel=\"noopener\">13 de mayo del 2020, decreto de aprobaci\u00f3n del Reglamento de construcci\u00f3n (*BOPA 69 a\u00f1o 2020 de fecha 20 de mayo de 2020)<\/a>.[\/vc_column_text][\/vc_column][\/vc_row]\n","protected":false},"excerpt":{"rendered":"<p>[vc_row][vc_column][vc_column_text]En la redacci\u00f3n de proyectos cada vez m\u00e1s resulta inadmisible la desviaci\u00f3n de las mediciones asignadas a las obras, ya sean de obra p\u00fablica o bien de edificaci\u00f3n. Uno de los motivos de estos desv\u00edos acostumbran a ser los imponderables&hellip;<\/p>\n","protected":false},"author":2,"featured_media":0,"parent":0,"menu_order":0,"comment_status":"closed","ping_status":"closed","template":"","meta":[],"_links":{"self":[{"href":"https:\/\/www.igeotest.ad\/es\/wp-json\/wp\/v2\/pages\/1901"}],"collection":[{"href":"https:\/\/www.igeotest.ad\/es\/wp-json\/wp\/v2\/pages"}],"about":[{"href":"https:\/\/www.igeotest.ad\/es\/wp-json\/wp\/v2\/types\/page"}],"author":[{"embeddable":true,"href":"https:\/\/www.igeotest.ad\/es\/wp-json\/wp\/v2\/users\/2"}],"replies":[{"embeddable":true,"href":"https:\/\/www.igeotest.ad\/es\/wp-json\/wp\/v2\/comments?post=1901"}],"version-history":[{"count":3,"href":"https:\/\/www.igeotest.ad\/es\/wp-json\/wp\/v2\/pages\/1901\/revisions"}],"predecessor-version":[{"id":1909,"href":"https:\/\/www.igeotest.ad\/es\/wp-json\/wp\/v2\/pages\/1901\/revisions\/1909"}],"wp:attachment":[{"href":"https:\/\/www.igeotest.ad\/es\/wp-json\/wp\/v2\/media?parent=1901"}],"curies":[{"name":"wp","href":"https:\/\/api.w.org\/{rel}","templated":true}]}}