{"id":1910,"date":"2021-11-26T09:06:00","date_gmt":"2021-11-26T09:06:00","guid":{"rendered":"https:\/\/www.igeotest.ad\/dryas\/"},"modified":"2021-11-26T09:38:14","modified_gmt":"2021-11-26T09:38:14","slug":"dryas","status":"publish","type":"page","link":"https:\/\/www.igeotest.ad\/es\/dryas\/","title":{"rendered":"Dryas"},"content":{"rendered":"[vc_row][vc_column][vc_column_text]<span style=\"color: #800000;\"><strong>Medio Ambiente, hidrogeolog\u00eda y Riesgos Naturales<\/strong><\/span><\/p>\n<p>DRYAS es el departamento de Igeotest dedicado al estudio del medio natural. Para la realizaci\u00f3n de estos trabajos dispone de un equipo multidisciplinar con una amplia experiencia en la realizaci\u00f3n de estudios medioambientales.<br \/>\nEste departamento se cre\u00f3 en el a\u00f1o 1999 a consecuencia de la creciente demanda de estudios relacionados con el medio natural, sobretodo estudios de riesgos, de impactos ambientales as\u00ed como de hidrogeolog\u00eda.<\/p>\n<p>El constante aumento de estudios relacionados con el medio natural que el mercado est\u00e1 demandando desde la aplicaci\u00f3n del <a href=\"https:\/\/www.bopa.ad\/bopa\/013071\/Pagines\/228BE.aspx\">Reglamento del 2001<\/a>, comport\u00f3 que a principios del a\u00f1o 2002 se crearan cuatro nuevas secciones dentro del departamento, que son DRYAS Medio Ambiente, DRYAS Riesgos Geomorfol\u00f3gicos, DRYAS Hidrogeolog\u00eda y DRYAS Servicios Cient\u00edfico-t\u00e9cnicos.[\/vc_column_text][\/vc_column][\/vc_row]\n","protected":false},"excerpt":{"rendered":"<p>[vc_row][vc_column][vc_column_text]Medio Ambiente, hidrogeolog\u00eda y Riesgos Naturales DRYAS es el departamento de Igeotest dedicado al estudio del medio natural. Para la realizaci\u00f3n de estos trabajos dispone de un equipo multidisciplinar con una amplia experiencia en la realizaci\u00f3n de estudios medioambientales. Este&hellip;<\/p>\n","protected":false},"author":2,"featured_media":0,"parent":0,"menu_order":0,"comment_status":"closed","ping_status":"closed","template":"","meta":[],"_links":{"self":[{"href":"https:\/\/www.igeotest.ad\/es\/wp-json\/wp\/v2\/pages\/1910"}],"collection":[{"href":"https:\/\/www.igeotest.ad\/es\/wp-json\/wp\/v2\/pages"}],"about":[{"href":"https:\/\/www.igeotest.ad\/es\/wp-json\/wp\/v2\/types\/page"}],"author":[{"embeddable":true,"href":"https:\/\/www.igeotest.ad\/es\/wp-json\/wp\/v2\/users\/2"}],"replies":[{"embeddable":true,"href":"https:\/\/www.igeotest.ad\/es\/wp-json\/wp\/v2\/comments?post=1910"}],"version-history":[{"count":3,"href":"https:\/\/www.igeotest.ad\/es\/wp-json\/wp\/v2\/pages\/1910\/revisions"}],"predecessor-version":[{"id":1917,"href":"https:\/\/www.igeotest.ad\/es\/wp-json\/wp\/v2\/pages\/1910\/revisions\/1917"}],"wp:attachment":[{"href":"https:\/\/www.igeotest.ad\/es\/wp-json\/wp\/v2\/media?parent=1910"}],"curies":[{"name":"wp","href":"https:\/\/api.w.org\/{rel}","templated":true}]}}