{"id":1913,"date":"2021-11-26T09:19:08","date_gmt":"2021-11-26T09:19:08","guid":{"rendered":"https:\/\/www.igeotest.ad\/dryas-medio-ambiente\/"},"modified":"2021-11-26T09:39:09","modified_gmt":"2021-11-26T09:39:09","slug":"dryas-medio-ambiente","status":"publish","type":"page","link":"https:\/\/www.igeotest.ad\/es\/dryas-medio-ambiente\/","title":{"rendered":"Dryas &#8211; Medio Ambiente"},"content":{"rendered":"[vc_row][vc_column][vc_column_text]Los principales trabajos que desarrolla esta secci\u00f3n de DRYAS son los estudios de impacto ambiental.<\/p>\n<p><strong>Definici\u00f3n de Estudio de Impacto Ambiental (E.I.A)<\/strong><br \/>\nComo marco de referencia, se puede tomar, entre otros, el Programa de Naciones Unidas para el Medio Ambiente (PNUMA), que define la avaluaci\u00f3n de impacto ambiental como \u00abuna investigaci\u00f3n, an\u00e1lisis y evaluaci\u00f3n de las actividades planeadas buscando asegurar un desarrollo sostenible y ambientalmente sano\u00bb. As\u00ed pues, el Estudio de Impacto Ambiental tiene que ser un documento cient\u00edfico-t\u00e9cnico de caracter interdisciplinar, que ha de tener como objetivo principal identidicar, interpretar, predecir y prevenir las consecuencias de las acciones generadas por la ejecuci\u00f3n de un proyecto sobre el medio f\u00edsico, biol\u00f3gico, los bienes de inter\u00e9s cultural y social y sobre la salud y el bienestar de las personas. En definitiva, este tipo de estudios analizan o evaluan la capacidad del territorio para admitir una actividad determinada, definiendo una serie de medidas y actuaciones que hay que adoptar para minimizar su impacto.<\/p>\n<p><strong>Objetivos<\/strong><br \/>\nHa de compatibilizar la protecci\u00f3n ambiental y la ejecuci\u00f3n de actividades humanas con el prop\u00f3sito de no deteriorar la calidad de vida de la poblaci\u00f3n, permetir un uso sostenible de los recursos naturales y al mismo tiempo, no constituir un impedimento para la ejecuci\u00f3n de acciones que contribuyan al desarrollo de un pa\u00eds.<\/p>\n<p><strong>Marc Normativo<\/strong><br \/>\nEn el caso de Andorra, actualmente los estudios de impacto ambiental se rigen por el \u00abReglamento para la realizaci\u00f3n de trabajos o actividades que modifiquen el estado actual del terreno\u00bb. Este <a href=\"https:\/\/www.bopa.ad\/bopa\/013071\/Pagines\/228BE.aspx\">Reglamento data del 25 de julio de 2001<\/a>, sustituyendo al anterior Reglamento que fecha del 7 de marzo de 1990.<\/p>\n<p><strong>Que ofrece DRYAS<\/strong><br \/>\nEl nostre departament ofereix al mercat estudis d&#8217;impacte ambiental, plans de restauraci\u00f3 i plans de vigil\u00e0ncia i seguiment ambiental de les obres conforme a les exig\u00e8ncies legals existents al Principat d&#8217;Andorra.<\/p>\n<p><strong>Ejemplos<\/strong><br \/>\nEn las siguientes im\u00e1genes se puede ver un ejemplo de unos de nuestros proyectos realizados, relativo a la construcci\u00f3n de varios edificios de viviendas en el pueblo de El Tarter. En estas fotograf\u00edas se puede ver la evoluci\u00f3n de la realizaci\u00f3n del proyecto de construcci\u00f3n, des de la situaci\u00f3n inicial de la zona de estudio hasta la aplicaci\u00f3n de las medidas de restauraci\u00f3n.[\/vc_column_text][vc_empty_space height=\u00bb40px\u00bb][vc_row_inner][vc_column_inner width=\u00bb1\/3&#8243;][vc_column_text css=\u00bb.vc_custom_1620896408566{padding-bottom: 15px !important;}\u00bb]\n<p style=\"text-align: center;\"><strong>Antes obras<\/strong><\/p>\n[\/vc_column_text][vc_single_image image=\u00bb1178&#8243; img_size=\u00bb250&#215;150&#8243; alignment=\u00bbcenter\u00bb][vc_column_text css=\u00bb.vc_custom_1620896106902{padding-top: 15px !important;}\u00bb]\n<p style=\"text-align: center;\">15\/07\/1999<\/p>\n[\/vc_column_text][\/vc_column_inner][vc_column_inner width=\u00bb1\/3&#8243;][vc_column_text css=\u00bb.vc_custom_1620896419307{padding-bottom: 15px !important;}\u00bb]\n<p style=\"text-align: center;\"><strong>Durante Obras<\/strong><\/p>\n[\/vc_column_text][vc_single_image image=\u00bb1181&#8243; alignment=\u00bbcenter\u00bb][vc_column_text css=\u00bb.vc_custom_1620896117401{padding-top: 15px !important;}\u00bb]\n<p style=\"text-align: center;\">11\/06\/2002<\/p>\n[\/vc_column_text][\/vc_column_inner][vc_column_inner width=\u00bb1\/3&#8243;][vc_column_text css=\u00bb.vc_custom_1620896430757{padding-bottom: 15px !important;}\u00bb]\n<p style=\"text-align: center;\"><strong>Despu\u00e9s Obras<\/strong><\/p>\n[\/vc_column_text][vc_single_image image=\u00bb1184&#8243; alignment=\u00bbcenter\u00bb][vc_column_text css=\u00bb.vc_custom_1620896126596{padding-top: 15px !important;}\u00bb]\n<p style=\"text-align: center;\">12\/05\/2003<\/p>\n[\/vc_column_text][\/vc_column_inner][\/vc_row_inner][\/vc_column][\/vc_row]\n","protected":false},"excerpt":{"rendered":"<p>[vc_row][vc_column][vc_column_text]Los principales trabajos que desarrolla esta secci\u00f3n de DRYAS son los estudios de impacto ambiental. Definici\u00f3n de Estudio de Impacto Ambiental (E.I.A) Como marco de referencia, se puede tomar, entre otros, el Programa de Naciones Unidas para el Medio Ambiente&hellip;<\/p>\n","protected":false},"author":2,"featured_media":0,"parent":0,"menu_order":0,"comment_status":"closed","ping_status":"closed","template":"","meta":[],"_links":{"self":[{"href":"https:\/\/www.igeotest.ad\/es\/wp-json\/wp\/v2\/pages\/1913"}],"collection":[{"href":"https:\/\/www.igeotest.ad\/es\/wp-json\/wp\/v2\/pages"}],"about":[{"href":"https:\/\/www.igeotest.ad\/es\/wp-json\/wp\/v2\/types\/page"}],"author":[{"embeddable":true,"href":"https:\/\/www.igeotest.ad\/es\/wp-json\/wp\/v2\/users\/2"}],"replies":[{"embeddable":true,"href":"https:\/\/www.igeotest.ad\/es\/wp-json\/wp\/v2\/comments?post=1913"}],"version-history":[{"count":4,"href":"https:\/\/www.igeotest.ad\/es\/wp-json\/wp\/v2\/pages\/1913\/revisions"}],"predecessor-version":[{"id":1918,"href":"https:\/\/www.igeotest.ad\/es\/wp-json\/wp\/v2\/pages\/1913\/revisions\/1918"}],"wp:attachment":[{"href":"https:\/\/www.igeotest.ad\/es\/wp-json\/wp\/v2\/media?parent=1913"}],"curies":[{"name":"wp","href":"https:\/\/api.w.org\/{rel}","templated":true}]}}