{"id":1921,"date":"2021-11-26T10:16:13","date_gmt":"2021-11-26T10:16:13","guid":{"rendered":"https:\/\/www.igeotest.ad\/dryas-riesgos\/"},"modified":"2021-11-26T10:32:43","modified_gmt":"2021-11-26T10:32:43","slug":"dryas-riesgos","status":"publish","type":"page","link":"https:\/\/www.igeotest.ad\/es\/dryas-riesgos\/","title":{"rendered":"Dryas &#8211; Riesgos"},"content":{"rendered":"[vc_row][vc_column][vc_column_text]<strong>ESTUDIO DE LOS RIESGOS GEOL\u00d3GICOS<\/strong><\/p>\n<p>CONVIVIR CON LOS RIESGOS EN LAS ZONAS DE MONTA\u00d1A[\/vc_column_text][vc_empty_space][vc_row_inner][vc_column_inner width=\u00bb1\/3&#8243;][vc_column_text]<img loading=\"lazy\" class=\"size-medium wp-image-1196 aligncenter\" src=\"https:\/\/www.igeotest.ad\/wp-content\/uploads\/2021\/05\/POBLA-SORT-300x205.jpg\" alt=\"\" width=\"300\" height=\"205\" srcset=\"https:\/\/www.igeotest.ad\/wp-content\/uploads\/2021\/05\/POBLA-SORT-300x205.jpg 300w, https:\/\/www.igeotest.ad\/wp-content\/uploads\/2021\/05\/POBLA-SORT.jpg 700w\" sizes=\"(max-width: 300px) 100vw, 300px\" \/><\/p>\n<p style=\"text-align: center;\"><strong><span style=\"font-size: 10px;\">Desprendimiento en la Ctra.de La Pobla de Segur<\/span><\/strong><\/p>\n<p>Las zonas de alta monta\u00f1a se caracterizan geomorfol\u00f3gicamente por la existencia de un relieve acentuado y rejuvenecido por la acci\u00f3n de los glaciares cuaternarios. El Pirineo est\u00e1 formado por acusadas vertientes y valles encajados con unos cursos fluviales de gran pendiente y intensa capacidad erosiva, tect\u00f3nicamente se localiza en la zona de choque entre la placa Ib\u00e9rica y la Euroasi\u00e1tica. El clima es muy contrastado y severo.[\/vc_column_text][\/vc_column_inner][vc_column_inner width=\u00bb1\/3&#8243;][vc_column_text]<img loading=\"lazy\" class=\"size-medium wp-image-1199 aligncenter\" src=\"https:\/\/www.igeotest.ad\/wp-content\/uploads\/2021\/05\/Bon_Repos_97-300x204.jpg\" alt=\"\" width=\"300\" height=\"204\" srcset=\"https:\/\/www.igeotest.ad\/wp-content\/uploads\/2021\/05\/Bon_Repos_97-300x204.jpg 300w, https:\/\/www.igeotest.ad\/wp-content\/uploads\/2021\/05\/Bon_Repos_97.jpg 700w\" sizes=\"(max-width: 300px) 100vw, 300px\" \/><\/p>\n<p style=\"text-align: center;\"><strong><span style=\"font-size: 10px;\">Desprendimiento bloques rocosos Edifici El Bon Rep\u00f2s , And. La Vella (Enero 97)<\/span><\/strong><\/p>\n<p>El relieve caracter\u00edstico de los lugares monta\u00f1osos favorece la existencia de inestabilidades de vertiente (deslizamientos, ca\u00edda de bloques rocosos&#8230;), avenidas de agua y aludes. Este hecho puede tener una serie de repercusiones no solo geol\u00f3gicas sino que tambi\u00e9n econ\u00f3micas y humanas destacables.[\/vc_column_text][\/vc_column_inner][vc_column_inner width=\u00bb1\/3&#8243;][vc_column_text]<img loading=\"lazy\" class=\"size-medium wp-image-1202 aligncenter\" src=\"https:\/\/www.igeotest.ad\/wp-content\/uploads\/2021\/05\/Allau_Arinsal_neu-300x199.jpg\" alt=\"\" width=\"300\" height=\"199\" srcset=\"https:\/\/www.igeotest.ad\/wp-content\/uploads\/2021\/05\/Allau_Arinsal_neu-300x199.jpg 300w, https:\/\/www.igeotest.ad\/wp-content\/uploads\/2021\/05\/Allau_Arinsal_neu.jpg 700w\" sizes=\"(max-width: 300px) 100vw, 300px\" \/><\/p>\n<p style=\"text-align: center;\"><strong><span style=\"font-size: 10px;\">Consecuencias del alud de Les Fonts (97)<\/span><\/strong><\/p>\n<p>Es muy importante para la poblaci\u00f3n que habita un territorio conocer y recordar cuales son las principales problem\u00e1ticas que ha sufrido, sufre o puede sufrir la zona, para poder actuar y gestionar el territorio y as\u00ed evitar y minimizar desgracias personales y p\u00e9rdidas econ\u00f3micas.[\/vc_column_text][\/vc_column_inner][\/vc_row_inner][vc_column_text]De la experiencia acumulada como peritos judiciales en casos de riesgos naturales, se puede decir que estos afectan especialmente a la cosa p\u00fablica (comunidades, mancomunidades, sociedades, administraciones), especialmente en el caso de la constataci\u00f3n de una falta de servicio (cauces de comunicaci\u00f3n, alcantarillado, canalizaciones, servicios de luz, agua, gas y otros), puesto que si se demuestra que un agravio es debido de forma parcial o total a una carencia de servicio o mal funcionamiento del mismo, la parte afectada puede reclamar compensaciones.<\/p>\n<p>Por el caso de los riesgos naturales, el v\u00ednculo de causalidad y de fuerza mayor son los que pueden poner en evidencia una carencia del servicio o de un mal funcionamiento. Si existe un v\u00ednculo de causalidad (causa-efecto), entre la falta de servicio y los da\u00f1os acontecidos habr\u00e1 que comprobar si la causa era o no de fuerza mayor, siendo as\u00ed esta cuando es imprevisible e irresistible.<\/p>\n<p>En este sentido es importante la labor de las hemerotecas, dataciones y cronolog\u00eda, la compilaci\u00f3n de testimonio y de catastros de peligrosidad natural por saber si un determinado fen\u00f3meno era o no imprevisible. Por otro lado la modelizaci\u00f3n matem\u00e1tica de los fen\u00f3menos de riesgo natural permite evaluar hoy en d\u00eda si estas eran o chico inevitables.<\/p>\n<p>Dryas riesgos efect\u00faa estas modelizaciones pero tambi\u00e9n las dataciones de los fen\u00f3menos en combinaci\u00f3n con la Fundaci\u00f3 Marcel Chevalier.<\/p>\n<p style=\"text-align: center;\"><a href=\"\/wp-content\/uploads\/2021\/06\/Debris.wmv\">Video debris-flow<\/a><\/p>\n<p style=\"text-align: center;\"><strong>Autor<\/strong>: Francisco Baz\u00e1n<br \/>\n<strong>Lugar<\/strong>: Carretera A-132, Pardina de Carcavilla<br \/>\n(Murillo de G\u00e1llego), 42\u00b021&#8217;52,9&#8242; N-0\u00b044&#8217;33,99&#8242; W<br \/>\nUTM &#8211; x:685879 y: 4692821 Fus 30.<\/p>\n<p>\u00a0[\/vc_column_text][vc_column_text]\n<p style=\"text-align: center;\"><strong>QU\u00c9 OFRECE DRYAS RIESGOS<\/strong><\/p>\n<p>Dada la necesidad de conocer y minimizar los riesgos que pueden afectar a nuestro territorio, Dryas ofrece al mercado estudios espec\u00edficos (anejos tem\u00e1ticos), adecuados a las exigencias legales.[\/vc_column_text][\/vc_column][\/vc_row][vc_row max_width=\u00bb60&#8243;][vc_column width=\u00bb1\/4&#8243;]<figure class=\"vcex-image vcex-module wpex-clr\"><div class=\"vcex-image-inner wpex-inline-block wpex-relative\"><img loading=\"lazy\" class=\"wpex-align-middle\" src=\"https:\/\/www.igeotest.ad\/wp-content\/uploads\/2021\/06\/QueOfer1.gif\" alt=\"\" width=\"300\" height=\"290\" \/><\/div><\/figure>[\/vc_column][vc_column width=\u00bb3\/4&#8243;][vc_column_text]An\u00e1lisis de ca\u00eddas de bloques rocosos mediante modelizaci\u00f3n num\u00e9rica en 2D y 3D, con obtenci\u00f3n de las energ\u00edas de impacto y las alturas de rebote. Evaluaci\u00f3n de viabilidad de protecci\u00f3n con la finalidad de minimizar el riesgo y anteproyectos de defensas.[\/vc_column_text][\/vc_column][\/vc_row][vc_row max_width=\u00bb60&#8243;][vc_column width=\u00bb1\/4&#8243;][vc_single_image image=\u00bb1211&#8243;][\/vc_column][vc_column width=\u00bb3\/4&#8243;][vc_column_text]Estabilidad de vertientes enfrente de corrientes de derribos, grandes movimientos y movimientos superficiales.[\/vc_column_text][\/vc_column][\/vc_row][vc_row max_width=\u00bb60&#8243;][vc_column width=\u00bb1\/4&#8243;][vc_single_image image=\u00bb1214&#8243;][\/vc_column][vc_column width=\u00bb3\/4&#8243;][vc_column_text]Estabilidad de vertientes a causa de grandes movimientos y movimientos superficiales.[\/vc_column_text][\/vc_column][\/vc_row][vc_row max_width=\u00bb60&#8243;][vc_column width=\u00bb1\/4&#8243;][vc_single_image image=\u00bb1217&#8243;][\/vc_column][vc_column width=\u00bb3\/4&#8243;][vc_column_text]Avenidas, inundabilidad y torrencialidad con c\u00e1lculo de periodos de retorno.[\/vc_column_text][\/vc_column][\/vc_row][vc_row max_width=\u00bb60&#8243;][vc_column width=\u00bb1\/4&#8243;][vc_single_image image=\u00bb1220&#8243;][\/vc_column][vc_column width=\u00bb3\/4&#8243;][vc_column_text]Riesgo de aludes de nieve, con evaluaci\u00f3n de la energ\u00eda de impacto.[\/vc_column_text][\/vc_column][\/vc_row][vc_row max_width=\u00bb60&#8243;][vc_column width=\u00bb1\/4&#8243;][vc_single_image image=\u00bb1223&#8243;][\/vc_column][vc_column width=\u00bb3\/4&#8243;][vc_column_text]Evaluaci\u00f3n de la peligrosidad natural y residual, elaboraci\u00f3n de cartograf\u00edas gemorfol\u00f3gicas y de zonificaci\u00f3n de riesgos.[\/vc_column_text][\/vc_column][\/vc_row][vc_row max_width=\u00bb60&#8243;][vc_column width=\u00bb1\/4&#8243;][vc_single_image image=\u00bb1226&#8243; img_size=\u00bbthumbnail\u00bb][\/vc_column][vc_column width=\u00bb3\/4&#8243;][vc_column_text]Cartograf\u00edas geomorfol\u00f3gicas, asesoramiento cient\u00edfico-t\u00e9cnico, dataciones (C14, termoluminiscencia, liquenometr\u00eda, etc.), estudios y evaluaci\u00f3n de conservaci\u00f3n de monumentos hist\u00f3ricos.[\/vc_column_text][\/vc_column][\/vc_row][vc_row][vc_column][vc_column_text]\n<p style=\"text-align: center;\"><strong>LA LEGISLACI\u00d3N ANDORRANA ANTE LOS RIESGOS GEOL\u00d3GICOS<\/strong><\/p>\n<p>La protecci\u00f3n y mejora de los intereses particulares, p\u00fablicos y del medio ambiente cuando se realizan determinados actos de uso del suelo, como actuaciones de construcci\u00f3n, edificaci\u00f3n, urbanizaci\u00f3n, parcelaci\u00f3n y actos que comporten, en general, movimientos de tierras est\u00e1 sujeta al Decreto para la realizaci\u00f3n de trabajos o actividades que modifiquen el estado actual del terreno ( <a href=\"https:\/\/www.bopa.ad\/bopa\/013071\/Pagines\/228BE.aspx\">BOPA 71, a\u00f1o 13, con fecha documento 25\/07\/2001 y publicado el 01\/08\/2001<\/a>). En el cap\u00edtulo 1.2.5 del art\u00edculo 7 de este decreto se hace referencia al an\u00e1lisis que deben tener los riesgos geol\u00f3gicos a los que puede estar expuesta una parcela. Asimismo se determinan los puntos a tratar por un estudio espec\u00edfico cuando un terreno est\u00e1 afectado de forma significativa por alg\u00fan riesgo (ca\u00eddas de bloques, corrientes de arrastre, grandes movimientos, movimientos superficiales) de acuerdo con el \u00edndice establecido en el anexo 6.<\/p>\n<p>Para conocer la situaci\u00f3n de una parcela frente a los riesgos naturales el MI Gobierno de Andorra dispone del Estudio de zonificaci\u00f3n del terreno seg\u00fan su problem\u00e1tica geol\u00f3gico-geot\u00e9cnica. Este estudio dispone de una cartograf\u00eda de zonificaci\u00f3n geol\u00f3gica (<a href=\"https:\/\/www.bopa.ad\/bopa\/017019\/Pagines\/3B856.aspx\">BOPA 19, a\u00f1o 17, con fecha documento 02\/03\/2005<\/a>), que fue sometida a informaci\u00f3n p\u00fablica el 5 de diciembre de 2001. En este decreto se cataloga el territorio a efectos de autorizaci\u00f3n de licencias de edificaci\u00f3n seg\u00fan la peligrosidad geol\u00f3gica-geot\u00e9cnica en cuatro zonas tipos:<\/p>\n<p>a) <strong>Edificable sin restricciones<\/strong> . Corresponde a los terrenos con muy baja peligrosidad.<br \/>\nb) <strong>Edificable con posibles medidas de protecci\u00f3n<\/strong> . Corresponde a los terrenos con baja peligrosidad.<br \/>\nc) <strong>Edificable con medidas de protecci\u00f3n<\/strong> . Corresponde a los terrenos con mediana peligrosidad.<br \/>\nd) <strong>No edificable<\/strong> . Corresponde a los terrenos con alta peligrosidad.<\/p>\n<p>La zonificaci\u00f3n geol\u00f3gico-geot\u00e9cnica es recalificable por el Gobierno cuando estudios a escala m\u00e1s detallada de las zonas o la aportaci\u00f3n de nuevos datos por medio de estudios de detalle permitan un mejor conocimiento de las zonas afectadas por diferentes peligrosidades naturales y, por tanto, optimizar el nivel de peligrosidad asignado.<\/p>\n<p>Tambi\u00e9n se aprueban los siguientes estudios espec\u00edficos de detalle: gran movimiento del Forn (Canillo), gran movimiento de Vila-Beixal\u00eds (Encamp), gran movimiento de Aixirivall (Sant Juli\u00e0), corriente de arrastre de Sant Juli\u00e0, corriente de arrastres de Llorts (Ordino), estudio de estabilidad de la vertiente de la umbr\u00eda de Andorra la Vella y Escaldes-Engordany (Valle del Madriu- el Fener-calle de la Vinya), corriente de arrastres de la Comella (Andorra la Vella), corriente de arrastre de la umbr\u00eda de Encamp, medidas de protecci\u00f3n y zonificaci\u00f3n escala 1\/200 de la corriente de arrastre de Pal, zona de Coma l&#8217;Espalmera (La Massana), ca\u00edda de bloques rocosos en el pueblo y urbanizaci\u00f3n de Certers.<\/p>\n<p>Adem\u00e1s, el art\u00edculo 7, apartado 1.2.5 del Reglamento para la realizaci\u00f3n de trabajos o actividades que modifiquen el estado actual del terreno (<a href=\"https:\/\/www.bopa.ad\/bopa\/013071\/Pagines\/228BE.aspx\">BOPA 71, a\u00f1o 13, con fecha documento 25\/07\/2001<\/a>), relativo a riesgos geol\u00f3gicos naturales, se aplica en cuanto a \u201cterrenos afectados de forma significativa por alg\u00fan riesgo geol\u00f3gico\u201d en aquellas zonas consideradas de peligrosidad media en la zonificaci\u00f3n geol\u00f3gico-geot\u00e9cnica.<\/p>\n<p>Al <a href=\"https:\/\/www.bopa.ad\/bopa\/018091\/Pagines\/48ABA.aspx\">Edicto del 06\/12\/2006, BOPA 91, a\u00f1o 18, fecha publicaci\u00f3n 13\/12\/2006<\/a> se aprobaron los estudios espec\u00edficos de detalle sobre los Gran movimiento de Montaup, el GM de Certers, el del Plan de Encamp y de Can\u00f2lic-Bixessarri, tambi\u00e9n el de la corriente de arrastre de los Cortals de Encamp (r\u00edos Aixec, Cortals de Encamp y Pardines).<\/p>\n<p>Por \u00faltimo, en el <a href=\"https:\/\/www.bopa.ad\/bopa\/021020\/Pagines\/59F8E.aspx\">Edicto del 04\/03\/2009, BOPA 20, a\u00f1o 21, fecha publicaci\u00f3n 11\/03\/2009<\/a>, se aprueban los estudios espec\u00edficos de detalle sobre riesgo geol\u00f3gico siguientes: estudio de vertiente por la ca\u00edda de bloques rocosos en la zona del Roque del Que (Canillo), revisi\u00f3n de la zonificaci\u00f3n de peligrosidad frente a la ca\u00edda de bloques rocosos en un terreno de La Posa en Encamp, estudio de vertiente por la ca\u00edda de bloques rocosos en la Solana de Andorra la Vella, zona de Sant Ermengol-Pont Pla (And. la Vella), estudio de vertiente frente a la ca\u00edda de bloques rocosos en la vertiente de Soquer y propuesta de actuaciones de estabilizaci\u00f3n y protecci\u00f3n (Sant Juli\u00e0), rezonificaci\u00f3n a escala detallada de la peligrosidad frente a la ca\u00edda de bloques rocosos en unos terrenos situados en Faucellers (Sant Juli\u00e0) y recalificaci\u00f3n de la peligrosidad frente a la ca\u00edda de bloques rocosos en unos terrenos llamados bancales del Noguer (Escaldes-Engordany).<\/p>\n<p>Decreto de 18 de marzo de 1940 . Este texto antiguo impone <a href=\"\/wp-content\/uploads\/2021\/06\/Decret-1940-scaled.gif\">Decreto de 18 de marzo de 1940<\/a>. Este texto antiguo impone unas anchuras para el Valira que no est\u00e1n calculadas a partir de estudios hidrol\u00f3gicos y se basa en un edicto m\u00e1s antiguo (2 de noviembre de 1939), el cual se basaba a su vez en el esp\u00edritu de algunas sentencias del MI Consejo General con ocasi\u00f3n de las avenidas de aguas en tiempos antiguos y de la experiencia de la gente del pa\u00eds.[\/vc_column_text][\/vc_column][\/vc_row][vc_row][vc_column width=\u00bb1\/4&#8243;][\/vc_column][vc_column width=\u00bb1\/2&#8243;][vc_single_image image=\u00bb1232&#8243;][\/vc_column][vc_column width=\u00bb1\/4&#8243;][\/vc_column][\/vc_row][vc_row][vc_column][vc_column_text]En el Principado tambi\u00e9n est\u00e1 regulada la ocupaci\u00f3n, utilizaci\u00f3n y construcci\u00f3n de los terrenos afectados por aludes (<a href=\"https:\/\/www.bopa.ad\/bopa\/001012\/Pagines\/14976.aspx\">BOPA 12, de fecha documento 20\/06\/1989<\/a> (actualmente derogado), y <a href=\"https:\/\/www.bopa.ad\/bopa\/013010\/Pagines\/20286.aspx\">BOPA 10, a\u00f1o 13, de fecha documento 24\/01\/2001<\/a>). As\u00ed de entrada las zonas de alud determinadas por encuestas a testigos no son consideradas como suelo urbanizable, se pueden consultar las zonas de aludes en el catastro realizado por el Gobierno de Andorra.<\/p>\n<p>En fecha 26\/09\/2012 se rubric\u00f3 el <a href=\"https:\/\/www.bopa.ad\/bopa\/024048\/Pagines\/7A3BA.aspx\">Decreto por el que se aprueba el estudio de la zonificaci\u00f3n del terreno del Principado de Andorra seg\u00fan su peligrosidad a causa de la afectaci\u00f3n por aludes<\/a>, titulado \u201cPlanes de prevenci\u00f3n de riesgos de aludes previsibles\u201d, y la cartograf\u00eda de zonificaci\u00f3n de la peligrosidad, consultable en el Departamento de Econom\u00eda del Gobierno de Andorra (Ministerio de Econom\u00eda y Territorio). Mientras el Gobierno redacta y aprueba el reglamento que desarrollar\u00e1 la normativa que ser\u00e1 de aplicaci\u00f3n en las zonas de peligrosidad establecidas por la cartograf\u00eda de zonificaci\u00f3n de la peligrosidad, el cual ir\u00e1 acompa\u00f1ado de la cartograf\u00eda de zonificaci\u00f3n reglamentaria de la peligrosidad, este Decreto regula transitoriamente las ocupaciones , utilizaciones y construcciones de los terrenos susceptibles de afectaci\u00f3n por aludes. Queda derogado el Decreto sobre r\u00e9gimen jur\u00eddico de la ocupaci\u00f3n, utilizaci\u00f3n y construcci\u00f3n de terrenos afectados por aludes aprobado por el Gobierno el 7 de junio de 1989,as\u00ed como cuantas disposiciones de igual o inferior rango se contradigan con esta norma.<\/p>\n<p>El 16 de marzo de 2016 se ha aprobado el <a href=\"https:\/\/www.bopa.ad\/bopa\/028017\/Documents\/GD20160311_13_10_55.pdf\">Reglamento de clasificaci\u00f3n y utilizaci\u00f3n del terreno seg\u00fan la peligrosidad de aludes, y de la cartograf\u00eda de zonificaci\u00f3n reglamentaria de la peligrosidad de aludes<\/a>. El texto tiene como objetivo principal clasificar el suelo de acuerdo con los niveles de peligrosidad determinados en la cartograf\u00eda de zonificaci\u00f3n de la peligrosidad de aludes, estableciendo las condiciones t\u00e9cnicas y administrativas para utilizar el suelo afectado por el riesgo de aludes. En el Reglamento se define la terminolog\u00eda utilizada en materia de aludes, se determina la clasificaci\u00f3n del territorio seg\u00fan la peligrosidad, se detalla la zonificaci\u00f3n reglamentaria de peligrosidad de aludes y se definen las condiciones administrativas y t\u00e9cnicas para ocupar, parcelar, urbanizar un terreno, o construir en \u00e9l. Adem\u00e1s, el Reglamento considera las construcciones, equipamientos, instalaciones y aprovechamientos que en la actualidad existen en muchas zonas catalogadas con riesgo a la cartograf\u00eda de zonificaci\u00f3n de aludes,estableciendo los criterios a respetar por motivos de seguridad. En el redactado tambi\u00e9n se establece el procedimiento a adoptar para la tramitaci\u00f3n de las solicitudes de construcci\u00f3n, parcelaci\u00f3n, urbanizaci\u00f3n, cambio de uso u ocupaci\u00f3n, se definen las responsabilidades de los propietarios y de los t\u00e9cnicos que redactan documentos en materia de riesgos de aludes, estableci\u00e9ndose las condiciones de excepcionalidad para la utilizaci\u00f3n de los terrenos localizados en zonas reglamentarias de alta peligrosidad, incluyendo las excepciones reglamentarias para las protecciones en terrenos de los dominios esquiables.se definen las responsabilidades de los propietarios y de los t\u00e9cnicos que redactan documentos en materia de riesgos de aludes, y se establecen las condiciones de excepcionalidad para la utilizaci\u00f3n de los terrenos localizados en zonas reglamentarias de alta peligrosidad, incluyendo las excepciones reglamentarias para en las protecciones en terrenos de los dominios esquiables.se definen las responsabilidades de los propietarios y de los t\u00e9cnicos que redactan documentos en materia de riesgos de aludes, y se establecen las condiciones de excepcionalidad para la utilizaci\u00f3n de los terrenos localizados en zonas reglamentarias de alta peligrosidad, incluyendo las excepciones reglamentarias para en las protecciones en terrenos de los dominios esquiables.<\/p>\n<p>El 9 de septiembre de 2020 se hace p\u00fablico <a href=\"https:\/\/www.bopa.ad\/bopa\/032109\/Pagines\/GV20200911_10_47_32.aspx\">el modelo de declaraci\u00f3n jurada de responsabilidad para las notas, estudios o proyectos de protecciones relativos al riesgo natural de aludes de nieve<\/a>.Visto el art\u00edculo 32.3 del Reglamento de clasificaci\u00f3n y utilizaci\u00f3n del terreno seg\u00fan la peligrosidad de aludes, y de la cartograf\u00eda de zonificaci\u00f3n reglamentaria de la peligrosidad de aludes, de 9 de marzo de 2016, el cual establece que los t\u00e9cnicos redactores de notas, informes, estudios o proyectos de protecciones son responsables de las modelizaciones, de los c\u00e1lculos, de las tipolog\u00edas de protecci\u00f3n adoptadas y de todo el contenido expl\u00edcito o impl\u00edcito de la documentaci\u00f3n presentada con el expediente, y as\u00ed deben firmarlo expresamente; que actualmente no existe ninguna f\u00f3rmula estandarizada para cumplir dicha obligaci\u00f3n reglamentaria de firmar expresamente un documento de compromiso de responsabilidad;Dado que se constata que esta carencia conduce a divergencias en el grado de compromiso de responsabilidad expresamente reconocido por los t\u00e9cnicos que redactan notas, estudios y proyectos de protecci\u00f3n destinados al otorgamiento de licencias de edificaci\u00f3n promovidas por particulares; y que incluso lleva en ciertos casos a la ausencia pr\u00e1ctica del referido compromiso escrito de responsabilidad, lo que, adem\u00e1s de significar un incumplimiento reglamentario evidente, tambi\u00e9n puede comportar el peligro de posibles diluciones de responsabilidades en caso de siniestros y\/o malas praxis profesionales;Dado que, con el fin de garantizar el cumplimiento de dicha obligaci\u00f3n reglamentaria y evitar la posible diluci\u00f3n de responsabilidades en caso de siniestros y\/o malas praxis profesionales, es recomendable establecer y difundir un modelo y gu\u00eda de declaraci\u00f3n jurada que sistematice,facilite y unifique la formalizaci\u00f3n de la referida obligaci\u00f3n reglamentaria; sirva de gu\u00eda a los profesionales que elaboren notas, estudios o proyectos de protecciones relativos al riesgo natural de aludes de nieve.[\/vc_column_text][vc_column_text]\n<p style=\"text-align: center;\"><strong>Cont\u00e1ctenos :<\/strong> <a href=\"mailto:risc.dryas@igeotest.ad\">risc.dryas@igeotest.ad<\/a><\/p>\n<p>\u00a0[\/vc_column_text][\/vc_column][\/vc_row]\n","protected":false},"excerpt":{"rendered":"<p>[vc_row][vc_column][vc_column_text]ESTUDIO DE LOS RIESGOS GEOL\u00d3GICOS CONVIVIR CON LOS RIESGOS EN LAS ZONAS DE MONTA\u00d1A[\/vc_column_text][vc_empty_space][vc_row_inner][vc_column_inner width=\u00bb1\/3&#8243;][vc_column_text] Desprendimiento en la Ctra.de La Pobla de Segur Las zonas de alta monta\u00f1a se caracterizan geomorfol\u00f3gicamente por la existencia de un relieve acentuado y rejuvenecido&hellip;<\/p>\n","protected":false},"author":2,"featured_media":0,"parent":0,"menu_order":0,"comment_status":"closed","ping_status":"closed","template":"","meta":[],"_links":{"self":[{"href":"https:\/\/www.igeotest.ad\/es\/wp-json\/wp\/v2\/pages\/1921"}],"collection":[{"href":"https:\/\/www.igeotest.ad\/es\/wp-json\/wp\/v2\/pages"}],"about":[{"href":"https:\/\/www.igeotest.ad\/es\/wp-json\/wp\/v2\/types\/page"}],"author":[{"embeddable":true,"href":"https:\/\/www.igeotest.ad\/es\/wp-json\/wp\/v2\/users\/2"}],"replies":[{"embeddable":true,"href":"https:\/\/www.igeotest.ad\/es\/wp-json\/wp\/v2\/comments?post=1921"}],"version-history":[{"count":12,"href":"https:\/\/www.igeotest.ad\/es\/wp-json\/wp\/v2\/pages\/1921\/revisions"}],"predecessor-version":[{"id":1933,"href":"https:\/\/www.igeotest.ad\/es\/wp-json\/wp\/v2\/pages\/1921\/revisions\/1933"}],"wp:attachment":[{"href":"https:\/\/www.igeotest.ad\/es\/wp-json\/wp\/v2\/media?parent=1921"}],"curies":[{"name":"wp","href":"https:\/\/api.w.org\/{rel}","templated":true}]}}