{"id":1947,"date":"2022-04-06T12:41:10","date_gmt":"2022-04-06T12:41:10","guid":{"rendered":"https:\/\/www.igeotest.ad\/dryas-medio-ambiente-contenido-basico-a-i-a\/"},"modified":"2022-04-06T13:19:29","modified_gmt":"2022-04-06T13:19:29","slug":"dryas-medio-ambiente-contenido-basico-a-i-a","status":"publish","type":"page","link":"https:\/\/www.igeotest.ad\/es\/dryas-medio-ambiente-contenido-basico-a-i-a\/","title":{"rendered":"Dryas &#8211; Medio Ambiente &#8211; Contenido B\u00e1sico A.I.A"},"content":{"rendered":"[vc_row][vc_column][vc_column_text css_animation=\u00bbnone\u00bb]Los aspectos principales que tiene que tener en cuenta un estudio de impacto ambiental son:<\/p>\n<ol>\n<li>Localizaci\u00f3n del proyecto.<\/li>\n<li>Estado inicial de la zona afectada.<\/li>\n<li>Descripci\u00f3n del proyecto.<br \/>\n\u00b7 Descripci\u00f3n del proyecto y de su vocaci\u00f3n.<br \/>\n\u00b7 Descripci\u00f3n de las obras necesarias para la realizaci\u00f3n. del proyecto<br \/>\n\u00b7 Descripci\u00f3n de las medidas preventivas y\/o correctoras.<br \/>\n\u00b7 Presupuesto estimativo, ilustraci\u00f3n y calendario program\u00e1tico de todas las medidas preventivas y\/o correctoras permanentes y temporales previstas para reducir los impactos ambientales de las obras y del proyecto acabado y en funcionamiento.<\/li>\n<li>Justificaci\u00f3n y\/o vocaci\u00f3n del proyecto.<\/li>\n<li>Estudio de los efectos de la actividad o proyecto sobre el entorno.<br \/>\n\u00b7 Factores del entorno y del patrimonio cultural afectados por el proyecto descritos en el estado inicial.<br \/>\n\u00b7 Descripci\u00f3n y cuantificaci\u00f3n del efectos previstos en el espacio y en el tiempo tanto sin como con las medidas preventivas y\/o correctoras previstas.<\/li>\n<li>Breve exposici\u00f3n de las dificultades t\u00e9cnicas u otras que ha encontrado el redactor de la evaluaci\u00f3n de impacto ambiental.<\/li>\n<li>Resumen no t\u00e9cnico del A.I.A de manera did\u00e1ctica y comprensible para el p\u00fablico.<\/li>\n<li>Nombre(s), direcci\u00f3n profesional, titulaci\u00f3n y si procede curr\u00edculum(s) que certifiquen que el t\u00e9cnico o equipo t\u00e9cnico que ha realizado el trabajo es competente en la materia.<\/li>\n<li>Nombre(s), direcci\u00f3n profesional, titulaci\u00f3n y si procede curr\u00edculum(s) que certifiquen que el t\u00e9cnico o equipo t\u00e9cnico responsable de la ejecuci\u00f3n de las medidas preventivas y\/o correctoras.<\/li>\n<\/ol>\n<p><strong>Contenido del plan de restauraci\u00f3n<\/strong>:<\/p>\n<ol>\n<li>Localiza y planifica en el tiempo los trabajos necesarios para llevar a cabo las medidas preventivas y\/o correctoras mencionadas en la evaluaci\u00f3n de impacto ambiental.<\/li>\n<\/ol>\n<p><strong>Contenido del plan de vigilancia<\/strong>:<\/p>\n<ol>\n<li>Tiene que garantizar la ejecuci\u00f3n y el seguimiento de las medidas preventivas y\/o correctoras descritas en la evaluaci\u00f3n del impacto ambiental o en el plan de restauraci\u00f3n ambiental.<\/li>\n<\/ol>\n<p><strong>Contenido estudios ambientales de planes parciales y especiales<\/strong>:<\/p>\n<p>El Reglamento urban\u00edstico, del 28 de agosto del 2002, modificado el 16 de septiembre del 2002, (art\u00edculo 63.1) establece que los planes parciales y especiales tienen que contener, entre otros documentos los \u00ab&#8230;estudios necesarios para conocer los elementos que pueden condicionar la estructura urban\u00edstica del territorio y, en todo caso, del estudio geol\u00f3gico y geot\u00e9cnico y\/o hidr\u00e1ulico y de los estudios medioambientales de los terrenos cuando por su situaci\u00f3n, caracter\u00edsticas, morfolog\u00eda o riesgos, sea impuesto por ley, reglamento o por las ordenaciones particulares reguladoras de la normativa subsidiaria.\u00bb<\/p>\n<p>Este tipo de estudios se tiene que entender como una herramienta m\u00e1s de decisi\u00f3n en el momento de la concepci\u00f3n del plan, porque se tengan en cuenta los factores ambientales y su sensibilidad. As\u00ed pues porque sea \u00fatil el estudio ambiental se tiene que iniciar antes de la formulaci\u00f3n de la ordenaci\u00f3n (sobre todo el estado inicial), de forma que esta tenga en cuenta la sensibilidad del medio y el paisaje en la hora de establecer los parcelarios, las zonas de sesi\u00f3n, los viales y los tipos y localizaciones de los edificios.<\/p>\n<p>Para desarrollar este estudio ambiental y teniendo en cuenta que el contenido de los estudios ambientales de los planes parciales y especiales actualmente no est\u00e1 regulado, hay que utilizar como gu\u00eda el anexo 1 del Reglamento para la realizaci\u00f3n de trabajos o actividades que modifiquen el estado actual del terreno, del 25 julio del 2001.<\/p>\n<p><strong>El estudio ambiental tiene que contener<\/strong>:<\/p>\n<ol>\n<li>Un estado inicial del medio completo que permita identificar y localizar los factores sensibles, teniendo en cuenta los factores climatol\u00f3gicos, geol\u00f3gicos, hidrogeol\u00f3gicos, hidrol\u00f3gicos, sociol\u00f3gicos y biol\u00f3gicos, el paisaje, la calidad del aire, las infraestructuras y sus usos, y el ambiente sonoro.<\/li>\n<li>Una descripci\u00f3n del plan que incluya la viabilidad, las caracter\u00edsticas del desarrollo urban\u00edstico previsto (tipo de edificios, zonas de cesi\u00f3n y espacios verdes), el n\u00famero de personas que se prev\u00e9 que vivan una vez se haya desarrollado el plan y las fases de su desarrollo (esta informaci\u00f3n es la propia del plan y se pide en el art\u00edculo 63 del Reglamento urban\u00edstico, del 16 de septiembre del 2002)<\/li>\n<li>Una previsi\u00f3n de los efectos sobre el medio del conjunto de la ordenaci\u00f3n sobre el diferentes factores del medio y sobre el paisaje, y una previsi\u00f3n de los consumos de agua potable, de los residuos de excavaci\u00f3n, de la generaci\u00f3n de residuos, de la producci\u00f3n de aguas residuales para valorar la sostenibilidad del plan en relaci\u00f3n a los recursos de la parroquia.<\/li>\n<li>Unas l\u00edneas directrices por los planes de restauraci\u00f3n de vigilancia.<\/li>\n<\/ol>\n<p style=\"text-align: center;\"><span style=\"color: #993300;\"><strong>DOCUMENTOS<\/strong><\/span><br \/>\n<span style=\"color: #993300;\"><strong>Gu\u00edas del Ministerio de Medio Ambiente de Andorra<\/strong><\/span><\/p>\n<p>&#8211; <a href=\"http:\/\/www.mediambient.ad\/images\/stories\/PDF\/temes-interes\/publicacions\/Pub_ManualAIA.pdf\" target=\"_blank\" rel=\"noopener\">Las evaluaciones de impacto ambiental<\/a><br \/>\n&#8211; <a href=\"http:\/\/www.mediambient.ad\/images\/stories\/PDF\/temes-interes\/publicacions\/Pub_GuiaTecnicaAIA.pdf\" target=\"_blank\" rel=\"noopener\">La evaluaci\u00f3n de impacto ambiental (AIA), los planes de restauraci\u00f3n y de vigilancia ambiental (gu\u00eda t\u00e9cnica)<\/a><br \/>\n&#8211; <a href=\"http:\/\/www.mediambient.ad\/images\/stories\/PDF\/temes-interes\/publicacions\/Pub_GuiaTecnicaAIA_Complement.pdf\" target=\"_blank\" rel=\"noopener\">Manual de evaluaci\u00f3n de impacto ambiental (Gu\u00eda t\u00e9cnica relativa al ruido y vibraciones)<\/a><br \/>\n&#8211; <a href=\"http:\/\/www.mediambient.ad\/images\/stories\/PDF\/temes-interes\/publicacions\/Pub_GuiaVegetacioRibera.pdf\" target=\"_blank\" rel=\"noopener\">Gu\u00eda t\u00e9cnica para la restauraci\u00f3n de la vegetaci\u00f3n de ribera<\/a><br \/>\n&#8211; <a href=\"http:\/\/www.mediambient.ad\/images\/stories\/PDF\/temes-interes\/publicacions\/Pub_GuiaTecnica_SolsContaminats_08032010.pdf\" target=\"_blank\" rel=\"noopener\">Gu\u00eda t\u00e9cnica de aplicaci\u00f3n del Reglamento de suelos contaminados<\/a><br \/>\n&#8211; <a href=\"http:\/\/www.mediambient.ad\/images\/stories\/PDF\/temes-interes\/publicacions\/Pub_BoscosRibera1.pdf\" target=\"_blank\" rel=\"noopener\">Los bosques de ribera de Andorra I<\/a><br \/>\n&#8211; <a href=\"http:\/\/www.mediambient.ad\/images\/stories\/PDF\/temes-interes\/publicacions\/Pub_BoscosRibera2.pdf\" target=\"_blank\" rel=\"noopener\">Los bosques de ribera de Andorra II<\/a><\/p>\n","protected":false},"excerpt":{"rendered":"<p>[vc_row][vc_column][vc_column_text css_animation=\u00bbnone\u00bb]Los aspectos principales que tiene que tener en cuenta un estudio de impacto ambiental son: Localizaci\u00f3n del proyecto. Estado inicial de la zona afectada. Descripci\u00f3n del proyecto. \u00b7 Descripci\u00f3n del proyecto y de su vocaci\u00f3n. \u00b7 Descripci\u00f3n de las&hellip;<\/p>\n","protected":false},"author":2,"featured_media":0,"parent":0,"menu_order":0,"comment_status":"closed","ping_status":"closed","template":"","meta":[],"_links":{"self":[{"href":"https:\/\/www.igeotest.ad\/es\/wp-json\/wp\/v2\/pages\/1947"}],"collection":[{"href":"https:\/\/www.igeotest.ad\/es\/wp-json\/wp\/v2\/pages"}],"about":[{"href":"https:\/\/www.igeotest.ad\/es\/wp-json\/wp\/v2\/types\/page"}],"author":[{"embeddable":true,"href":"https:\/\/www.igeotest.ad\/es\/wp-json\/wp\/v2\/users\/2"}],"replies":[{"embeddable":true,"href":"https:\/\/www.igeotest.ad\/es\/wp-json\/wp\/v2\/comments?post=1947"}],"version-history":[{"count":6,"href":"https:\/\/www.igeotest.ad\/es\/wp-json\/wp\/v2\/pages\/1947\/revisions"}],"predecessor-version":[{"id":1954,"href":"https:\/\/www.igeotest.ad\/es\/wp-json\/wp\/v2\/pages\/1947\/revisions\/1954"}],"wp:attachment":[{"href":"https:\/\/www.igeotest.ad\/es\/wp-json\/wp\/v2\/media?parent=1947"}],"curies":[{"name":"wp","href":"https:\/\/api.w.org\/{rel}","templated":true}]}}