{"id":1957,"date":"2021-05-13T13:06:07","date_gmt":"2021-05-13T13:06:07","guid":{"rendered":"https:\/\/www.igeotest.ad\/dryas-medi-ambient-contaminacio-de-sols\/"},"modified":"2022-04-13T13:49:18","modified_gmt":"2022-04-13T13:49:18","slug":"dryas-medio-ambiente-contaminacion-de-suelos","status":"publish","type":"page","link":"https:\/\/www.igeotest.ad\/es\/dryas-medio-ambiente-contaminacion-de-suelos\/","title":{"rendered":"Dryas &#8211; Medio Ambiente &#8211; Contaminaci\u00f3n de suelos"},"content":{"rendered":"[vc_row][vc_column][vc_column_text css_animation=\u00bbnone\u00bb]El <a href=\"https:\/\/www.igeotest.ad\/wp-content\/uploads\/2021\/05\/Reglament-Sols-Contaminats.pdf\" target=\"_blank\" rel=\"noopener\">Reglamento de suelos contaminados<\/a>, publicado al BOPA el d\u00eda 24\/02\/2010, desarrolla los art\u00edculos 45 y 46 de la Ley 25\/2004, del 14 de diciembre, de residuos, y regula los procedimientos administrativos para la declaraci\u00f3n de un suelo contaminado y para la declaraci\u00f3n de un suelo que ha dejado de ser contaminado.<\/p>\n<p>El art\u00edculo 45 de la nombrada Ley establece que un suelo es declarado contaminado si re\u00fane las condiciones siguientes, \u00abcontener contaminantes en concentraciones superiores a las que le son propias, que afectan sus funciones y representan un riesgo para las personas y\/o el medio ambiente\u00bb.<\/p>\n<p>As\u00ed, un suelo que contenga contaminantes en concentraciones superiores a los niveles gu\u00eda de alerta establecidos en este Reglamento, es declarado suelo contaminado \u00fanicamente si estos contaminantes representan un riesgo inaceptable para las personas y\/o el medio ambiente.<\/p>\n<p>El procedimiento de declaraci\u00f3n de suelo contaminado se articula en dos fases.<\/p>\n<p>&#8211; La primera fase permite valorar si la concentraci\u00f3n al suelo de compuestos de origen antropog\u00e9nico es superior a los niveles gu\u00eda de alerta establecidos. En este caso, el suelo es potencialmente contaminado.<\/p>\n<p>&#8211; La segunda fase se inicia \u00fanicamente cuando el suelo es potencialmente contaminado y consiste en el estudio de la evaluaci\u00f3n de riesgo para las personas y\/o el medio ambiente. Si los estudios de evaluaci\u00f3n de riesgo indican la existencia de un riesgo inaceptable por la poblaci\u00f3n y\/o el medio ambiente, el ministerio responsable del medio ambiente declara el suelo como suelo contaminado, de acuerdo con el art\u00edculo 45 de la Ley 25\/2004, del 14 de diciembre, de residuos.<\/p>\n<p>Fuente: BOPA<\/p>\n<p>Dryas, para la realizaci\u00f3n de estudios de contaminaci\u00f3n de los suelos, dispone de un susceptibil\u00edmetro Gf Instrumentos SM-20, este tipo de aparatos pueden ser utilizados para la realizaci\u00f3n de estudios de contaminaci\u00f3n de los suelos realizando medidas de susceptibilidad, analizan las propiedades magn\u00e9ticas con el fin de detectar el grado de contaminaci\u00f3n, tal como se describe en este art\u00edculo de la Universidad de T\u00fcbingen.<\/p>\n<p>El SM-20 est\u00e1 dise\u00f1ado especialmente para los ge\u00f3logos de campo y ensayos de laboratorio r\u00e1pidos para el an\u00e1lisis y clasificaci\u00f3n de los tipos de rocas o muestras de testigos de perforaci\u00f3n. Estas medidas permiten la diferenciaci\u00f3n b\u00e1sica de las rocas (par\u00e1metros diamagn\u00e9ticos, paramagn\u00e9ticos y ferromagn\u00e9ticos) y la cuantificaci\u00f3n precisa de su susceptibilidad.<\/p>\n<p>Seg\u00fan varios estudios, la medida de la susceptibilidad magn\u00e9tica se correlaciona positivamente con niveles de elementos met\u00e1licos, se considera un buen indicador de fen\u00f3menos de contaminaci\u00f3n pasados y presentes.<\/p>\n<p>La susceptibilidad magn\u00e9tica medida la magnetizabilizaci\u00f3n de un material. En el ambiente natural la magnetizabilizaci\u00f3n se refiere a los minerales que se encuentran en suelos, rocas, polvo y sedimentos, particularmente minerales portadores de hierro y son f\u00e1cilmente identificables con un magnet\u00f3metro de protones, como el que Igeotest dispone. As\u00ed, las medidas pueden dar una informaci\u00f3n similar a la producida por otras t\u00e9cnicas mineral\u00f3gicas, como la difracci\u00f3n por rayos X o el an\u00e1lisis de minerales pesados, pero a menudo con una mayor eficiencia espacial. En resumen, las medidas permiten:<\/p>\n<p>&#8211; Identificar los minerales de una muestra.<br \/>\n&#8211; Calcular su concentraci\u00f3n o volumen total.<br \/>\n&#8211; Clasificar diferentes tipos de materiales.<br \/>\n&#8211; Identificar los procesos de formaci\u00f3n o transporte.<br \/>\n&#8211; Crear \u00abhuellas dactilares ambientales\u00bb para comparar y contrastar materiales.<\/p>\n<p>Una aproximaci\u00f3n mineral\u00f3gica magn\u00e9tica es aplicable pr\u00e1cticamente en toda clase de investigaci\u00f3n ambiental. Las medidas pueden ser utilizadas en la diagnosis de procesos espec\u00edficos, como contaminaci\u00f3n atmosf\u00e9rica, en peat bogs (turberas), etc. Estos tipos de diagnosis ambientales se est\u00e1n volviendo cada vez m\u00e1s importantes en \u00e1reas particulares de estudio, como en reconstrucci\u00f3n clim\u00e1tica, arqueolog\u00eda y edafolog\u00eda. La susceptibilidad magn\u00e9tica es una medici\u00f3n conveniente por las siguientes razones:<\/p>\n<p>&#8211; Pueden ser hechas en pr\u00e1cticamente todos las materiales.<br \/>\n&#8211; Las medidas son seguras, r\u00e1pidas y no destructivas.<br \/>\n&#8211; Se pueden hacer tanto en laboratorio como en el mismo campo.<br \/>\n&#8211; Complementan otros muchos tipolog\u00edas de an\u00e1lisis ambientales.<\/p>\n<p>El reconocimiento de la contaminaci\u00f3n mediante este m\u00e9todo, puede ser realizado en el mismo campo, por ejemplo mesurando paredes contaminadas en ciudades, superficies de suelo cerca de carreteras y sedimentos urbanos tales como polvo de zonas de recreo. De este modo los niveles de contaminaci\u00f3n pueden ser cartografiados y estudiados antes de hacer an\u00e1lisis qu\u00edmicos m\u00e1s costosos.[\/vc_column_text][\/vc_column][\/vc_row][vc_row][vc_column][vc_single_image image=\u00bb1190&#8243; img_size=\u00bblarge\u00bb alignment=\u00bbcenter\u00bb][vc_empty_space][vc_column_text]\n<p style=\"text-align: center;\"><strong>Susceptibil\u00edmetro SM-20 al camp<\/strong><\/p>\n[\/vc_column_text][\/vc_column][\/vc_row][vc_row][vc_column width=\u00bb1\/6&#8243;][\/vc_column][vc_column width=\u00bb2\/3&#8243;][vc_column_text]\n<p style=\"text-align: center;\"><span style=\"font-size: 21px;\"><strong>EJEMPLO<\/strong><\/span><\/p>\n[\/vc_column_text][vc_single_image image=\u00bb1193&#8243; alignment=\u00bbcenter\u00bb][vc_column_text css=\u00bb.vc_custom_1649857749922{padding-top: 10px !important;}\u00bb]\n<p style=\"text-align: center;\"><span style=\"font-size: 16px;\">Medidas tomadas en un campo al lado de una carretera<\/span><\/p>\n[\/vc_column_text][\/vc_column][vc_column width=\u00bb1\/6&#8243;][\/vc_column][\/vc_row]\n","protected":false},"excerpt":{"rendered":"<p>[vc_row][vc_column][vc_column_text css_animation=\u00bbnone\u00bb]El Reglamento de suelos contaminados, publicado al BOPA el d\u00eda 24\/02\/2010, desarrolla los art\u00edculos 45 y 46 de la Ley 25\/2004, del 14 de diciembre, de residuos, y regula los procedimientos administrativos para la declaraci\u00f3n de un suelo contaminado&hellip;<\/p>\n","protected":false},"author":2,"featured_media":0,"parent":0,"menu_order":0,"comment_status":"closed","ping_status":"closed","template":"","meta":[],"_links":{"self":[{"href":"https:\/\/www.igeotest.ad\/es\/wp-json\/wp\/v2\/pages\/1957"}],"collection":[{"href":"https:\/\/www.igeotest.ad\/es\/wp-json\/wp\/v2\/pages"}],"about":[{"href":"https:\/\/www.igeotest.ad\/es\/wp-json\/wp\/v2\/types\/page"}],"author":[{"embeddable":true,"href":"https:\/\/www.igeotest.ad\/es\/wp-json\/wp\/v2\/users\/2"}],"replies":[{"embeddable":true,"href":"https:\/\/www.igeotest.ad\/es\/wp-json\/wp\/v2\/comments?post=1957"}],"version-history":[{"count":4,"href":"https:\/\/www.igeotest.ad\/es\/wp-json\/wp\/v2\/pages\/1957\/revisions"}],"predecessor-version":[{"id":1983,"href":"https:\/\/www.igeotest.ad\/es\/wp-json\/wp\/v2\/pages\/1957\/revisions\/1983"}],"wp:attachment":[{"href":"https:\/\/www.igeotest.ad\/es\/wp-json\/wp\/v2\/media?parent=1957"}],"curies":[{"name":"wp","href":"https:\/\/api.w.org\/{rel}","templated":true}]}}