{"id":1997,"date":"2022-04-14T08:28:44","date_gmt":"2022-04-14T08:28:44","guid":{"rendered":"https:\/\/www.igeotest.ad\/dryas-servicios-cientifico-tecnicos\/"},"modified":"2022-04-14T08:34:23","modified_gmt":"2022-04-14T08:34:23","slug":"dryas-servicios-cientifico-tecnicos","status":"publish","type":"page","link":"https:\/\/www.igeotest.ad\/es\/dryas-servicios-cientifico-tecnicos\/","title":{"rendered":"Dryas &#8211; Servicios Cientifico-T\u00e9cnicos"},"content":{"rendered":"[vc_row][vc_column][vc_row_inner][vc_column_inner width=\u00bb1\/2&#8243;][vc_column_text css=\u00bb.vc_custom_1649925181546{margin-bottom: -35px !important;}\u00bb]La formaci\u00f3n de la mayor parte del equipo de trabajo de IGEOTEST corresponde al campo de las ciencias naturales; de ah\u00ed que exista una especial sensibilidad sobre los aspectos natural\u00edsticos y su evoluci\u00f3n en el tiempo.<\/p>\n<p>El nombre de\u00a0<a href=\"http:\/\/books.google.es\/books?id=k6pt7hSBZbUC&amp;pg=PA44&amp;lpg=PA44&amp;dq=Dryas&amp;source=bl&amp;ots=M9gLh4eXwV&amp;sig=ii-GQGncGOqsGfikorxWWjJ7_kI&amp;hl=ca&amp;sa=X&amp;ei=-YlZUMDMOseZhQeeyIHwDA&amp;ved=0CEkQ6AEwBTgU#v=onepage&amp;q=Dryas&amp;f=false\" target=\"_blank\" rel=\"noopener\">Dryas<\/a> ha sido adoptado para designar el per\u00edodo de tiempo en que se produjo un cambio clim\u00e1tico brusco que afect\u00f3 al Norte de Europa. \u00c9ste aconteci\u00f3 entre los 11.000 y los 9.500 a\u00f1os AC, como consecuencia del cambio de temperatura de la corriente del golfo de M\u00e9xico al recibir aportes de agua de fusi\u00f3n glacial (<a href=\"http:\/\/es.wikipedia.org\/wiki\/Lago_Agassiz\" target=\"_blank\" rel=\"noopener\">lago Agassiz<\/a>) por el r\u00edo Misisipi.<\/p>\n<p>As\u00ed pues, es especialmente significativo que se haya adoptado DRYAS como nombre del departamento ya que muestra una especial voluntad de estudiar el medio natural desde un punto de vista din\u00e1mico e interdisciplinar.<\/p>\n<p>El inicio de esta actividad puede remontarse ya a 1989 y desde este a\u00f1o se han efectuado m\u00e1s de un centenar de asesoramientos y estudios cient\u00edfico-t\u00e9cnicos por diferentes entidades (Institut d&#8217;Estudis Andorrans, Patrimonio Cultural de &#8216;Andorra, Ministerio de Bienestar y Salud, Asociaci\u00f3n para la Defensa de la Naturaleza, Escuela de Formaci\u00f3n de Profesiones Deportivas de Monta\u00f1a, Ministerio de Educaci\u00f3n, Juventud y Deportes, Com\u00fan de Canillo, Com\u00fan de Escaldes-Engordany, Com\u00fan de Ordino , Centro de Arte y Naturaleza de Farrera, Pallars Sobir\u00e0, Consejo Comarcal del Alt Urgell, Asociaci\u00f3n Espa\u00f1ola para el Estudio del Cauternario, Association Fran\u00e7aise pour l&#8217;Etude du Quaternaire, Centro de Interpretaci\u00f3n de las Glaciares de Seneg\u00fc\u00e9 y Centro Mundo Natura en las Planes de Son).<\/p>\n<p>Los diferentes asesoramientos efectuados corresponden a estudios en los campos de la geoarqueolog\u00eda en Andorra, el estudio de la geolog\u00eda glacial del Principado, del Pallars Sobir\u00e0 y Huesca y el estudio del medio f\u00edsico del Principado.<\/p>\n<p>Una parte de los estudios y asesoramientos cient\u00edfico-t\u00e9cnicos realizados han sido difundidos ya sea por medio de ponencias como por medio de art\u00edculos y\/o cap\u00edtulos de libros.[\/vc_column_text][\/vc_column_inner][vc_column_inner width=\u00bb1\/2&#8243;][vc_single_image image=\u00bb1226&#8243; alignment=\u00bbcenter\u00bb css=\u00bb.vc_custom_1624006754269{margin-bottom: -10px !important;}\u00bb][\/vc_column_inner][\/vc_row_inner][\/vc_column][\/vc_row][vc_row][vc_column][vc_column_text]De esta forma IGEOTEST y por medio de su departamento de DRYAS se sigue una pol\u00edtica de difusi\u00f3n de los datos adquiridos a trav\u00e9s de la Fundaci\u00f3n Privada Marcel Chevalier, de modo que posteriores investigadores puedan disponer de esta informaci\u00f3n que de otra forma no podr\u00eda ser posible, pues no existe una ley conjunta en lo referente a la conservaci\u00f3n del patrimonio cultural y natural, si que existe una de Patrimonio Cultural donde el paisaje es el resultado de una acci\u00f3n del hombre en el entorno natural. Sin embargo Andorra aprob\u00f3 la firma de la <a href=\"http:\/\/www.govern.ad\/index.php?option=com_k2&amp;view=item&amp;id=3364:el-govern-ratifica-el-conveni-europeu-del-paisatge&amp;Itemid=25\" target=\"_blank\" rel=\"noopener\">Convenio Europeo del paisaje<\/a> el 6 de octubre de 2010, y el 23 de marzo de 2011 el embajador y representante permanente de Andorra en el Consejo de Europa procedi\u00f3 a la firma en Estrasburgo, dando un voto de confianza para el futuro de la conservaci\u00f3n y la difusi\u00f3n de las investigaciones que sobre patrimonio natural y cultural puedan efectuarse.<\/p>\n<p>Como ejemplo de actuaci\u00f3n se puede decir que el departamento de Dryas y la Fundaci\u00f3n Privada Marcel Chevalier han realizado el <a href=\"https:\/\/www.igeotest.ad\/wp-content\/uploads\/2021\/06\/Utrillas-4-2007.pdf\" target=\"_blank\" rel=\"noopener\">primer inventario del Patrimonio Paleontol\u00f3gico del Principado<\/a>, dise\u00f1ando una serie de figuras de protecci\u00f3n en torno a los diferentes elementos que lo forman.[\/vc_column_text][vc_column_text]\n<h4 style=\"text-align: center;\"><strong>Hist\u00f3rico de reglamentaci\u00f3n<\/strong><\/h4>\n<p>&nbsp;[\/vc_column_text][\/vc_column][\/vc_row][vc_row][vc_column width=\u00bb1\/6&#8243;][\/vc_column][vc_column width=\u00bb2\/3&#8243;][vc_column_text]\n<table border=\"1\" width=\"100%\" cellspacing=\"1\" cellpadding=\"4\">\n<tbody>\n<tr valign=\"top\">\n<td width=\"20\" height=\"52\">\n<div align=\"right\">9<\/div>\n<\/td>\n<td width=\"60\" height=\"52\">\n<div align=\"center\">marzo<\/div>\n<\/td>\n<td width=\"40\" height=\"52\">\n<div align=\"left\">1965<\/div>\n<\/td>\n<td height=\"52\">\n<div align=\"left\">El Com\u00fa de Escaldes-Engordany decide consultar al arquitecto Baldrich para establecer una \u201cnormativa m\u00ednima sobre construcci\u00f3n\u201d<\/div>\n<\/td>\n<\/tr>\n<tr valign=\"top\">\n<td height=\"55\">\n<div align=\"right\">19<\/div>\n<\/td>\n<td height=\"55\">\n<div align=\"center\">julio<\/div>\n<\/td>\n<td height=\"55\">\n<div align=\"left\">1960<\/div>\n<\/td>\n<td height=\"55\">\n<div align=\"left\">Edicto del MI Consejo General donde se proh\u00edbe realizar excavaciones arqueol\u00f3gicas sin permiso oficial y exportar piezas de arte o arqueol\u00f3gicas<\/div>\n<\/td>\n<\/tr>\n<tr valign=\"top\">\n<td height=\"56\">\n<div align=\"right\">7<\/div>\n<\/td>\n<td height=\"56\">\n<div align=\"center\">julio<\/div>\n<\/td>\n<td height=\"56\">\n<div align=\"left\">1962<\/div>\n<\/td>\n<td height=\"56\">\n<div align=\"left\">Aviso del MI Consejo General a los propietarios con terrenos alrededor de las iglesias y capillas que velen por mantener aseado el entorno<\/div>\n<\/td>\n<\/tr>\n<tr valign=\"top\">\n<td height=\"39\">\n<div align=\"right\">13<\/div>\n<\/td>\n<td height=\"39\">\n<div align=\"center\">julio<\/div>\n<\/td>\n<td height=\"39\">\n<div align=\"left\">1964<\/div>\n<\/td>\n<td height=\"39\">\n<div align=\"left\">Ordenaci\u00f3n del MI Consejo General donde se proh\u00edbe edificar en torno a los monumentos declarados de inter\u00e9s nacional<\/div>\n<\/td>\n<\/tr>\n<tr valign=\"top\">\n<td height=\"55\">\n<div align=\"right\">30<\/div>\n<\/td>\n<td height=\"55\">\n<div align=\"center\">junio<\/div>\n<\/td>\n<td height=\"55\">\n<div align=\"left\">1965<\/div>\n<\/td>\n<td height=\"55\">\n<div align=\"left\">Acuerdo del MI Consejo General que considera Patrimonio Nacional todas las capillas y monumentos en los que se hayan hecho inversiones p\u00fablicas<\/div>\n<\/td>\n<\/tr>\n<tr valign=\"top\">\n<td height=\"67\">\n<div align=\"right\">4<\/div>\n<\/td>\n<td height=\"67\">\n<div align=\"center\">junio<\/div>\n<\/td>\n<td height=\"67\">\n<div align=\"left\">1970<\/div>\n<\/td>\n<td height=\"67\">\n<div align=\"left\">Nuevas ordenaciones del MI Consejo General sobre investigaciones arqueol\u00f3gicas, la exportaci\u00f3n y la divulgaci\u00f3n de obras y la prohibici\u00f3n de edificar en torno a las capillas y monumentos declarados de inter\u00e9s nacional<\/div>\n<\/td>\n<\/tr>\n<tr valign=\"top\">\n<td height=\"54\">\n<div align=\"right\">27<\/div>\n<\/td>\n<td height=\"54\">\n<div align=\"center\">febrero<\/div>\n<\/td>\n<td height=\"54\">\n<div align=\"left\">1973<\/div>\n<\/td>\n<td height=\"54\">\n<div align=\"left\">Acuerdo del MI Consejo General para encomendar los proyectos de urbanizaci\u00f3n del conjunto de Meritxell y de construcci\u00f3n del nuevo santuario<\/div>\n<\/td>\n<\/tr>\n<tr valign=\"top\">\n<td height=\"40\">\n<div align=\"right\">23<\/div>\n<\/td>\n<td height=\"40\">\n<div align=\"center\">julio<\/div>\n<\/td>\n<td height=\"40\">\n<div align=\"left\">1973<\/div>\n<\/td>\n<td height=\"40\">\n<div align=\"left\">Ordinaciones del MI Consejo General sobre la protecci\u00f3n y urbanizaci\u00f3n de Meritxell y la reconstrucci\u00f3n del Santuario<\/div>\n<\/td>\n<\/tr>\n<tr valign=\"top\">\n<td height=\"41\">\n<div align=\"right\">9<\/div>\n<\/td>\n<td height=\"41\">\n<div align=\"center\">noviembre<\/div>\n<\/td>\n<td height=\"41\">\n<div align=\"left\">1983<\/div>\n<\/td>\n<td height=\"41\">\n<div align=\"left\">El MI Consejo General aprueba la Ley de Protecci\u00f3n del Patrimonio Cultural-Natural de Andorra<\/div>\n<\/td>\n<\/tr>\n<tr valign=\"top\">\n<td>\n<div align=\"right\">14<\/div>\n<\/td>\n<td>\n<div align=\"center\">marzo<\/div>\n<\/td>\n<td>\n<div align=\"left\">1993<\/div>\n<\/td>\n<td>\n<div align=\"left\">Se aprueba por refer\u00e9ndum la primera Constituci\u00f3n Andorrana donde se establece en el art\u00edculo 34 que el Estado garantizar\u00e1 la conservaci\u00f3n, promoci\u00f3n y difusi\u00f3n del patrimonio cultural<a id=\"Reglamentaci\u00f3\" name=\"Reglamentaci\u00f3\"><\/a>.<\/div>\n<\/td>\n<\/tr>\n<tr valign=\"top\">\n<td>16<\/td>\n<td style=\"text-align: center;\">julio<\/td>\n<td>2003<\/td>\n<td><a href=\"https:\/\/www.bopa.ad\/bopa\/015055\/Pagines\/2F8D6.aspx\" target=\"_blank\" rel=\"noopener\">Ley del patrimonio cultural de Andorra<\/a><\/td>\n<\/tr>\n<tr valign=\"top\">\n<td>22<\/td>\n<td>diciembre<\/td>\n<td>2010<\/td>\n<td><a href=\"https:\/\/www.bopa.ad\/bopa\/022072\/Pagines\/6A13E.aspx\" target=\"_blank\" rel=\"noopener\">Reglamento de actividades arqueol\u00f3gicas y paleontol\u00f3gicas<\/a><\/td>\n<\/tr>\n<\/tbody>\n<\/table>\n<p>&nbsp;[\/vc_column_text][vc_column_text]Cavero, P. (1993).- A la sombra de Escaldes, dentro de Engordany, Gobierno de Andorra, p. 52[\/vc_column_text][\/vc_column][vc_column width=\u00bb1\/6&#8243;][\/vc_column][\/vc_row][vc_row][vc_column][vc_column_text]<strong>TERMOGRAF\u00cdA<br \/>\n<\/strong><\/p>\n<p>Dryas dispone de una <a href=\"\/wp-content\/uploads\/2021\/07\/camara-termografica-flir-t425.pdf\" target=\"_blank\" rel=\"noopener\">c\u00e1mara termogr\u00e1fica FLIR T425<\/a>, se trata de una c\u00e1mara de infrarrojos con funci\u00f3n de imagen en imagen y fusi\u00f3n t\u00e9rmica. La c\u00e1mara registra valores de temperatura de hasta 1.200 \u00baC y est\u00e1 equipada con un gran n\u00famero de funciones, como Instant Reports, el almacenamiento peri\u00f3dico de datos y la grabaci\u00f3n de v\u00eddeo por c\u00e1mara digital.<\/p>\n<p>Esta herramienta se puede utilizar en varios campos, unos m\u00e1s convencionales, como el industrial o el constructivo:<\/p>\n<ul>\n<li>Inspecciones de eficiencia energ\u00e9tica en construcciones.<\/li>\n<li>P\u00e9rdidas de energ\u00eda.<\/li>\n<li>Problemas de aislamiento.<\/li>\n<li>Mantenimiento predictivo y preventivo.<\/li>\n<li>Inspecciones mec\u00e1nicas.<\/li>\n<li>Monitorizaci\u00f3n de procesos.<\/li>\n<li>Sobrecarga de circuitos el\u00e9ctricos.<\/li>\n<li>Puntos calientes despu\u00e9s de la extinci\u00f3n de un incendio.<\/li>\n<\/ul>\n<p>&nbsp;[\/vc_column_text][\/vc_column][\/vc_row][vc_row][vc_column width=\u00bb1\/4&#8243;][\/vc_column][vc_column width=\u00bb1\/2&#8243;][vc_single_image image=\u00bb1262&#8243; alignment=\u00bbcenter\u00bb][vc_column_text]\n<p style=\"text-align: center;\">Termograf\u00eda en instalaciones (Bailo, Huesca, 2011)<\/p>\n<p>&nbsp;[\/vc_column_text][\/vc_column][vc_column width=\u00bb1\/4&#8243;][\/vc_column][\/vc_row][vc_row][vc_column width=\u00bb1\/6&#8243;][\/vc_column][vc_column width=\u00bb2\/3&#8243;][vc_video link=\u00bbhttps:\/\/www.youtube.com\/watch?v=6k854mgFGB0&#8243;][vc_column_text]\n<p style=\"text-align: center;\">Termograf\u00eda en instalaciones (Bailo, Huesca, 2011)<\/p>\n<p>&nbsp;[\/vc_column_text][\/vc_column][vc_column width=\u00bb1\/6&#8243;][\/vc_column][\/vc_row][vc_row][vc_column width=\u00bb1\/4&#8243;][\/vc_column][vc_column width=\u00bb1\/2&#8243;][vc_column_text]O bien en otras disciplinas m\u00e1s heterodoxas, como la veterinaria:[\/vc_column_text][vc_single_image image=\u00bb1265&#8243; alignment=\u00bbcenter\u00bb][vc_column_text]\n<p style=\"text-align: center;\">Termograf\u00eda en animales (Zool\u00f3gico de Barcelona, \u200b\u200b2011)<\/p>\n<p>&nbsp;[\/vc_column_text][\/vc_column][vc_column width=\u00bb1\/4&#8243;][\/vc_column][\/vc_row][vc_row][vc_column width=\u00bb1\/6&#8243;][\/vc_column][vc_column width=\u00bb2\/3&#8243;][vc_column_text]<b><span lang=\"CA\">ESC\u00c0NER 3D<\/span><\/b><\/p>\n<p>&nbsp;[\/vc_column_text][vc_column_text]Disposem d&#8217;un esc\u00e0ner 3D <a href=\"http:\/\/www.nextengine.com\/\" target=\"_blank\" rel=\"noopener\">NextEngine<\/a>, aquest \u00e9s un equip d&#8217;alta resoluci\u00f3 que permet la captura r\u00e0pida i precisa de varis milions de punts i p\u00edxels d&#8217;un objecte, L&#8217;esc\u00e0ner NextEngine mesura 50.000 punts per segon amb una precisi\u00f3 multi-l\u00e0ser, oferint una facilitat d&#8217;\u00fas sense precedents per crear r\u00e0pidament models digitals altament detallats i complets a tot color. Es pot aplicar a diverses especialitats, com la paleontologia, la catalogaci\u00f3 de bens art\u00edstics, etc.[\/vc_column_text][vc_video link=\u00bbhttps:\/\/youtu.be\/pSVtgK-Hi-I\u00bb][\/vc_column][vc_column width=\u00bb1\/6&#8243;][\/vc_column][\/vc_row][vc_row][vc_column][vc_separator][\/vc_column][\/vc_row]\n","protected":false},"excerpt":{"rendered":"<p>[vc_row][vc_column][vc_row_inner][vc_column_inner width=\u00bb1\/2&#8243;][vc_column_text css=\u00bb.vc_custom_1649925181546{margin-bottom: -35px !important;}\u00bb]La formaci\u00f3n de la mayor parte del equipo de trabajo de IGEOTEST corresponde al campo de las ciencias naturales; de ah\u00ed que exista una especial sensibilidad sobre los aspectos natural\u00edsticos y su evoluci\u00f3n en el tiempo.&hellip;<\/p>\n","protected":false},"author":2,"featured_media":0,"parent":0,"menu_order":0,"comment_status":"closed","ping_status":"closed","template":"","meta":[],"_links":{"self":[{"href":"https:\/\/www.igeotest.ad\/es\/wp-json\/wp\/v2\/pages\/1997"}],"collection":[{"href":"https:\/\/www.igeotest.ad\/es\/wp-json\/wp\/v2\/pages"}],"about":[{"href":"https:\/\/www.igeotest.ad\/es\/wp-json\/wp\/v2\/types\/page"}],"author":[{"embeddable":true,"href":"https:\/\/www.igeotest.ad\/es\/wp-json\/wp\/v2\/users\/2"}],"replies":[{"embeddable":true,"href":"https:\/\/www.igeotest.ad\/es\/wp-json\/wp\/v2\/comments?post=1997"}],"version-history":[{"count":4,"href":"https:\/\/www.igeotest.ad\/es\/wp-json\/wp\/v2\/pages\/1997\/revisions"}],"predecessor-version":[{"id":2001,"href":"https:\/\/www.igeotest.ad\/es\/wp-json\/wp\/v2\/pages\/1997\/revisions\/2001"}],"wp:attachment":[{"href":"https:\/\/www.igeotest.ad\/es\/wp-json\/wp\/v2\/media?parent=1997"}],"curies":[{"name":"wp","href":"https:\/\/api.w.org\/{rel}","templated":true}]}}