{"id":2055,"date":"2021-07-15T08:50:49","date_gmt":"2021-07-15T08:50:49","guid":{"rendered":"https:\/\/www.igeotest.ad\/geo-3-marc-normatiu\/"},"modified":"2022-04-14T10:46:10","modified_gmt":"2022-04-14T10:46:10","slug":"geo-3-marco-normativo","status":"publish","type":"page","link":"https:\/\/www.igeotest.ad\/es\/geo-3-marco-normativo\/","title":{"rendered":"GEO 3 &#8211; Marco Normativo"},"content":{"rendered":"[vc_row][vc_column][vc_column_text]<strong>Reglamentos que rigen el estudio geol\u00f3gico y geot\u00e9cnico<\/strong><\/p>\n<p><a href=\"https:\/\/www.bopa.ad\/bopa\/013071\/Pagines\/228BE.aspx\" target=\"_blank\" rel=\"noopener\">25 de julio del 2001, reglamento para la realizaci\u00f3n de trabajos o actividades que modifiquen el estado actual del terreno (*BOPA 71, a\u00f1o 13 de fecha 1 de agosto del 2001).<\/a><\/p>\n<p style=\"text-align: center;\"><strong>Otros Reglamentos<\/strong><\/p>\n<ul>\n<li><a href=\"https:\/\/www.bopa.ad\/bopa\/013010\/Pagines\/20286.aspx\" target=\"_blank\" rel=\"noopener\">Ley general de ordenaci\u00f3n del territorio y urbanismo<\/a>, 29 de diciembre de 2000.<\/li>\n<li><a href=\"https:\/\/www.bopa.ad\/bopa\/018056\/Pagines\/459D2.aspx\" target=\"_blank\" rel=\"noopener\">Ley 8\/2006 de modificaci\u00f3n de la Ley general de ordenaci\u00f3n del territorio y urbanismo<\/a>; 21 de junio de 2006.<\/li>\n<li><a href=\"https:\/\/www.bopa.ad\/bopa\/014030\/Pagines\/27092.aspx\" target=\"_blank\" rel=\"noopener\">Reglamento de urbanizaci\u00f3n<\/a>; 10 de abril de 2002.<\/li>\n<li><a href=\"https:\/\/www.bopa.ad\/bopa\/014071\/Pagines\/29F7A.aspx\" target=\"_blank\" rel=\"noopener\">Modificaci\u00f3n del Reglamento de urbanizaci\u00f3n<\/a>; 16 de septiembre de 2002.<\/li>\n<li><a href=\"https:\/\/www.bopa.ad\/bopa\/014066\/Pagines\/29CBE.aspx\" target=\"_blank\" rel=\"noopener\">Reglamento urban\u00edstico<\/a>; 28 de agosto de 2002.<\/li>\n<li><a href=\"https:\/\/www.bopa.ad\/bopa\/014071\/Pagines\/29F76.aspx\" target=\"_blank\" rel=\"noopener\">Modificaci\u00f3n del Reglamento Urban\u00edstico<\/a>; 16 de septiembre de 2002.<\/li>\n<li><a href=\"https:\/\/www.bopa.ad\/bopa\/018017\/Pagines\/42D56.aspx\" target=\"_blank\" rel=\"noopener\">Directrices de ordenaci\u00f3n<\/a>; 22 de febrero de 2006.<\/li>\n<li><a href=\"https:\/\/www.bopa.ad\/bopa\/024043\/Pagines\/790C2.aspx\" target=\"_blank\" rel=\"noopener\">Ley 16\/2012 de modificaci\u00f3n de la Ley general de ordenaci\u00f3n del territorio y urbanismo, del 29 de diciembre de 2000, modificada por la Ley 8\/2006, del 21 de junio, y por la Ley 6\/2011, del 28 de julio<\/a>; 31 de julio de 2012.<\/li>\n<li><a href=\"https:\/\/www.bopa.ad\/bopa\/024045\/Pagines\/79F92.aspx\" target=\"_blank\" rel=\"noopener\">Decreto Legislativo de publicaci\u00f3n del texto refundido del articulado y de las disposiciones transitoria, derogatoria y finales de la Ley general de ordenaci\u00f3n del territorio y urbanismo, del 29 de diciembre del 2000, modificada por la Ley 08\/2006, del 21 de junio, por la Ley 06\/2011, del 28 de julio, y por la Ley 16\/2012, del 31 de julio<\/a>; 12 de septiembre de 2012.<\/li>\n<li><a href=\"https:\/\/www.bopa.ad\/bopa\/024050\/Pagines\/7A59A.aspx\" target=\"_blank\" rel=\"noopener\">Decreto de aprobaci\u00f3n de la modificaci\u00f3n del Reglamento urban\u00edstico<\/a>; 3 de octubre del 2012.<\/li>\n<li><a href=\"https:\/\/www.bopa.ad\/bopa\/024050\/Pagines\/7A59E.aspx\" target=\"_blank\" rel=\"noopener\">Decreto de aprobaci\u00f3n de la modificaci\u00f3n del Reglamento de construcci\u00f3n<\/a>; 3 de octubre del 2012.<\/li>\n<\/ul>\n[\/vc_column_text][\/vc_column][\/vc_row][vc_row][vc_column][vc_separator][\/vc_column][\/vc_row]\n","protected":false},"excerpt":{"rendered":"<p>[vc_row][vc_column][vc_column_text]Reglamentos que rigen el estudio geol\u00f3gico y geot\u00e9cnico 25 de julio del 2001, reglamento para la realizaci\u00f3n de trabajos o actividades que modifiquen el estado actual del terreno (*BOPA 71, a\u00f1o 13 de fecha 1 de agosto del 2001). Otros&hellip;<\/p>\n","protected":false},"author":2,"featured_media":0,"parent":0,"menu_order":0,"comment_status":"closed","ping_status":"closed","template":"","meta":[],"_links":{"self":[{"href":"https:\/\/www.igeotest.ad\/es\/wp-json\/wp\/v2\/pages\/2055"}],"collection":[{"href":"https:\/\/www.igeotest.ad\/es\/wp-json\/wp\/v2\/pages"}],"about":[{"href":"https:\/\/www.igeotest.ad\/es\/wp-json\/wp\/v2\/types\/page"}],"author":[{"embeddable":true,"href":"https:\/\/www.igeotest.ad\/es\/wp-json\/wp\/v2\/users\/2"}],"replies":[{"embeddable":true,"href":"https:\/\/www.igeotest.ad\/es\/wp-json\/wp\/v2\/comments?post=2055"}],"version-history":[{"count":3,"href":"https:\/\/www.igeotest.ad\/es\/wp-json\/wp\/v2\/pages\/2055\/revisions"}],"predecessor-version":[{"id":2058,"href":"https:\/\/www.igeotest.ad\/es\/wp-json\/wp\/v2\/pages\/2055\/revisions\/2058"}],"wp:attachment":[{"href":"https:\/\/www.igeotest.ad\/es\/wp-json\/wp\/v2\/media?parent=2055"}],"curies":[{"name":"wp","href":"https:\/\/api.w.org\/{rel}","templated":true}]}}